{"id":798,"date":"2024-08-05T08:15:44","date_gmt":"2024-08-05T08:15:44","guid":{"rendered":"https:\/\/suzyartgallery.com\/?post_type=product&#038;p=798"},"modified":"2026-04-07T12:00:38","modified_gmt":"2026-04-07T12:00:38","slug":"bkzs012-nature-3-pcs-termeszet-3-reszes","status":"publish","type":"product","link":"https:\/\/suzyartgallery.com\/en\/store\/product\/bkzs012-nature-3-pcs-termeszet-3-reszes\/","title":{"rendered":"Term\u00e9szet- 3 r\u00e9szes \/ Nature- 3 parts (3x 40x20cm)"},"content":{"rendered":"","protected":false},"excerpt":{"rendered":"<p>The series of paintings entitled \"Nature\" evokes a mystical and magical atmosphere in three different parts. The interplay of black, red, gold and white colours suggests a darkness and mystery at night, as if immersed in an invisible mirror of water. This artwork does not depict a specific element of nature, but rather offers a series of elegant compositions expressing abstract and magical nature. The title suggests quirkiness and mystery, appealing to those looking for a deeper and thought-provoking artistic experience to decorate their home or office.<\/p>\n<p>Technique used: painted on canvas with flow varnish<\/p>\n<p>M\u00e9rete: 40 x 20 cm \u00a0x 3 db.<\/p>\n<p>(Made: 2022)<\/p>","protected":false},"featured_media":3239,"comment_status":"open","ping_status":"closed","template":"","meta":{"_seopress_robots_primary_cat":"none","_seopress_titles_title":"%%post_title%% %%sep%% %%sitetitle%%","_seopress_titles_desc":"\"Term\u00e9szet\": Misztikus festm\u00e9nysorozat, fekete, v\u00f6r\u00f6s, arany \u00e9s feh\u00e9r sz\u00ednekkel. Absztrakt kompoz\u00edci\u00f3k \u00e9jszakai atmoszf\u00e9r\u00e1val. H\u00e1rom darab, m\u00e9ret\u00fck 40 x 20 cm.","_seopress_robots_index":""},"product_brand":[],"product_cat":[22,44],"product_tag":[],"class_list":{"0":"post-798","1":"product","2":"type-product","3":"status-publish","4":"has-post-thumbnail","6":"product_cat-kicsi-festmenyek","7":"product_cat-nonfigurativ-absztrakt-kollekcio","9":"first","10":"instock","11":"taxable","12":"shipping-taxable","13":"purchasable","14":"product-type-simple"},"_links":{"self":[{"href":"https:\/\/suzyartgallery.com\/en\/wp-json\/wp\/v2\/product\/798","targetHints":{"allow":["GET"]}}],"collection":[{"href":"https:\/\/suzyartgallery.com\/en\/wp-json\/wp\/v2\/product"}],"about":[{"href":"https:\/\/suzyartgallery.com\/en\/wp-json\/wp\/v2\/types\/product"}],"replies":[{"embeddable":true,"href":"https:\/\/suzyartgallery.com\/en\/wp-json\/wp\/v2\/comments?post=798"}],"wp:featuredmedia":[{"embeddable":true,"href":"https:\/\/suzyartgallery.com\/en\/wp-json\/wp\/v2\/media\/3239"}],"wp:attachment":[{"href":"https:\/\/suzyartgallery.com\/en\/wp-json\/wp\/v2\/media?parent=798"}],"wp:term":[{"taxonomy":"product_brand","embeddable":true,"href":"https:\/\/suzyartgallery.com\/en\/wp-json\/wp\/v2\/product_brand?post=798"},{"taxonomy":"product_cat","embeddable":true,"href":"https:\/\/suzyartgallery.com\/en\/wp-json\/wp\/v2\/product_cat?post=798"},{"taxonomy":"product_tag","embeddable":true,"href":"https:\/\/suzyartgallery.com\/en\/wp-json\/wp\/v2\/product_tag?post=798"}],"curies":[{"name":"wp","href":"https:\/\/api.w.org\/{rel}","templated":true}]}}