{"id":789,"date":"2024-08-03T12:50:25","date_gmt":"2024-08-03T12:50:25","guid":{"rendered":"https:\/\/suzyartgallery.com\/?post_type=product&#038;p=789"},"modified":"2026-04-07T11:22:17","modified_gmt":"2026-04-07T11:22:17","slug":"bkzs06-jellyfish-meduzak","status":"publish","type":"product","link":"https:\/\/suzyartgallery.com\/en\/store\/product\/bkzs06-jellyfish-meduzak\/","title":{"rendered":"Med\u00faz\u00e1k \/ Jellyfish (50x40cm)"},"content":{"rendered":"","protected":false},"excerpt":{"rendered":"<p>The painting \"Jellyfish\" captures the magic of the sea, where blue, pink and white jellyfish can be seen swimming against a light blue background. This painting exudes a colourful and youthful energy, as if the underwater world itself were coming to life on the canvas. The play of colours and the particular shapes of the jellyfish offer a unique and fascinating artistic experience, with which the title perfectly expresses the beauty of the painting and the magic of the sea, making it attractive to those looking for a colourful and vibrant piece of art to decorate their home or workplace.<\/p>\n<p>Technique used: painted with acrylic on canvas<\/p>\n<p>Size: 50 x 40 cm<\/p>\n<p>(Made: 2023)<\/p>","protected":false},"featured_media":2154,"comment_status":"open","ping_status":"closed","template":"","meta":{"_seopress_robots_primary_cat":"none","_seopress_titles_title":"%%post_title%% %%sep%% %%sitetitle%%","_seopress_titles_desc":"\"Med\u00faz\u00e1k\": K\u00e9k, r\u00f3zsasz\u00edn \u00e9s feh\u00e9r med\u00faz\u00e1k vil\u00e1gosk\u00e9k h\u00e1tt\u00e9rrel. Sz\u00ednpomp\u00e1s, fiatalos energia, tenger var\u00e1zsa. Ide\u00e1lis dekor\u00e1ci\u00f3. M\u00e9ret: 50 x 40 cm.","_seopress_robots_index":""},"product_brand":[],"product_cat":[41,22],"product_tag":[],"class_list":{"0":"post-789","1":"product","2":"type-product","3":"status-publish","4":"has-post-thumbnail","6":"product_cat-figuralis-absztrakt-kollekcio","7":"product_cat-kicsi-festmenyek","9":"first","10":"instock","11":"taxable","12":"shipping-taxable","13":"purchasable","14":"product-type-simple"},"_links":{"self":[{"href":"https:\/\/suzyartgallery.com\/en\/wp-json\/wp\/v2\/product\/789","targetHints":{"allow":["GET"]}}],"collection":[{"href":"https:\/\/suzyartgallery.com\/en\/wp-json\/wp\/v2\/product"}],"about":[{"href":"https:\/\/suzyartgallery.com\/en\/wp-json\/wp\/v2\/types\/product"}],"replies":[{"embeddable":true,"href":"https:\/\/suzyartgallery.com\/en\/wp-json\/wp\/v2\/comments?post=789"}],"wp:featuredmedia":[{"embeddable":true,"href":"https:\/\/suzyartgallery.com\/en\/wp-json\/wp\/v2\/media\/2154"}],"wp:attachment":[{"href":"https:\/\/suzyartgallery.com\/en\/wp-json\/wp\/v2\/media?parent=789"}],"wp:term":[{"taxonomy":"product_brand","embeddable":true,"href":"https:\/\/suzyartgallery.com\/en\/wp-json\/wp\/v2\/product_brand?post=789"},{"taxonomy":"product_cat","embeddable":true,"href":"https:\/\/suzyartgallery.com\/en\/wp-json\/wp\/v2\/product_cat?post=789"},{"taxonomy":"product_tag","embeddable":true,"href":"https:\/\/suzyartgallery.com\/en\/wp-json\/wp\/v2\/product_tag?post=789"}],"curies":[{"name":"wp","href":"https:\/\/api.w.org\/{rel}","templated":true}]}}