{"id":759,"date":"2024-08-03T11:46:12","date_gmt":"2024-08-03T11:46:12","guid":{"rendered":"https:\/\/suzyartgallery.com\/?post_type=product&#038;p=759"},"modified":"2026-04-07T11:31:00","modified_gmt":"2026-04-07T11:31:00","slug":"bkzs21-abstract-yellow-black-absztrakt-fekete-sarga","status":"publish","type":"product","link":"https:\/\/suzyartgallery.com\/en\/store\/product\/bkzs21-abstract-yellow-black-absztrakt-fekete-sarga\/","title":{"rendered":"Absztrakt fekete- s\u00e1rga \/ Abstract Yellow- Black (50x35cm)"},"content":{"rendered":"","protected":false},"excerpt":{"rendered":"<p>The painting \"Abstract Yellow - Black\" is a bold and dynamic work that creates an elegant tangle of yellow and black colours in a sophisticated world of abstraction. Contrasting colours and organic shapes do a unique dance, captivating the viewer with a complex and intriguing visual experience. This work of art is not just a play of colours, but an expressive and modern composition with a unique character that can add an exciting accent to the decoration of your home or workplace. The title of the work is simple and straightforward, and perfectly expresses the colours of the painting, making it more attractive to potential buyers.<\/p>\n<p>Technique used: painted with acrylic on canvas<\/p>\n<p>Size: 50 x 35 cm<\/p>\n<p>(Made: 2024)<\/p>","protected":false},"featured_media":3228,"comment_status":"open","ping_status":"closed","template":"","meta":{"_seopress_robots_primary_cat":"none","_seopress_titles_title":"%%post_title%% %%sep%% %%sitetitle%%","_seopress_titles_desc":"\"Absztrakt Yellow - Black\": S\u00e1rga \u00e9s fekete sz\u00ednek dinamikus, organikus form\u00e1kban. Modern dekor\u00e1ci\u00f3 otthonra vagy irod\u00e1ba. M\u00e9ret: 50 x 35 cm.","_seopress_robots_index":""},"product_brand":[],"product_cat":[22,44],"product_tag":[],"class_list":{"0":"post-759","1":"product","2":"type-product","3":"status-publish","4":"has-post-thumbnail","6":"product_cat-kicsi-festmenyek","7":"product_cat-nonfigurativ-absztrakt-kollekcio","9":"first","10":"instock","11":"taxable","12":"shipping-taxable","13":"purchasable","14":"product-type-simple"},"_links":{"self":[{"href":"https:\/\/suzyartgallery.com\/en\/wp-json\/wp\/v2\/product\/759","targetHints":{"allow":["GET"]}}],"collection":[{"href":"https:\/\/suzyartgallery.com\/en\/wp-json\/wp\/v2\/product"}],"about":[{"href":"https:\/\/suzyartgallery.com\/en\/wp-json\/wp\/v2\/types\/product"}],"replies":[{"embeddable":true,"href":"https:\/\/suzyartgallery.com\/en\/wp-json\/wp\/v2\/comments?post=759"}],"wp:featuredmedia":[{"embeddable":true,"href":"https:\/\/suzyartgallery.com\/en\/wp-json\/wp\/v2\/media\/3228"}],"wp:attachment":[{"href":"https:\/\/suzyartgallery.com\/en\/wp-json\/wp\/v2\/media?parent=759"}],"wp:term":[{"taxonomy":"product_brand","embeddable":true,"href":"https:\/\/suzyartgallery.com\/en\/wp-json\/wp\/v2\/product_brand?post=759"},{"taxonomy":"product_cat","embeddable":true,"href":"https:\/\/suzyartgallery.com\/en\/wp-json\/wp\/v2\/product_cat?post=759"},{"taxonomy":"product_tag","embeddable":true,"href":"https:\/\/suzyartgallery.com\/en\/wp-json\/wp\/v2\/product_tag?post=759"}],"curies":[{"name":"wp","href":"https:\/\/api.w.org\/{rel}","templated":true}]}}