{"id":2217,"date":"2025-06-04T07:53:24","date_gmt":"2025-06-04T07:53:24","guid":{"rendered":"https:\/\/suzyartgallery.com\/?post_type=product&#038;p=2217"},"modified":"2026-04-14T09:18:55","modified_gmt":"2026-04-14T09:18:55","slug":"art-deco-divaja-art-deco-diva","status":"publish","type":"product","link":"https:\/\/suzyartgallery.com\/en\/store\/product\/art-deco-divaja-art-deco-diva\/","title":{"rendered":"Art Deco D\u00edv\u00e1ja \/  Art Deco Diva (80x80cm)"},"content":{"rendered":"","protected":false},"excerpt":{"rendered":"<div dir=\"ltr\">A moment of brilliance.<\/div>\n<div dir=\"ltr\">In this painting, the elegance of the turn of the century and the timeless strength of feminine confidence are intertwined. The character is not just a woman - she is a symbol of an era, stepping out of the painting in her radiant yellow dress, gloved hands and determined gaze. The richly detailed art deco background - with its interplay of green, black, gold and white geometric shapes - envelops her like an ornate frame, emphasising the composition's dynamism and stylistic sophistication.<\/div>\n<div dir=\"ltr\">\n<div dir=\"ltr\"><\/div>\n<div dir=\"ltr\">The striking lime-green ornament on the shoulders emphasises the playfulness of femininity, while the feather on the hat evokes lightness and freedom. The whole figure vibrates with confidence, strength and mystery - like a frame from an old film.<\/div>\n<div dir=\"ltr\"><\/div>\n<div dir=\"ltr\">This painting is not just a visual experience, but a journey back in time to an era of glamour and elegance. A reminder that style does not follow fashion - style is eternal.<\/div>\n<\/div>\n<div dir=\"ltr\"><\/div>\n<div dir=\"ltr\">Technique used: mixed technique ( acrylic - oil ) on MDF board<\/div>\n<div dir=\"ltr\">\n<div dir=\"ltr\"><\/div>\n<div dir=\"ltr\">M\u00e9ret: 80&#215;80 cm<\/div>\n<div dir=\"ltr\"><\/div>\n<div dir=\"ltr\">(Completed : 2025)<\/div>\n<\/div>","protected":false},"featured_media":3209,"comment_status":"open","ping_status":"closed","template":"","meta":{"_seopress_robots_primary_cat":"none","_seopress_titles_title":"%%sitetitle%% %%sep%% %%post_title%%","_seopress_titles_desc":"St\u00edlusos id\u0151utaz\u00e1s a sz\u00e1zadfordul\u00f3 eleganci\u00e1j\u00e1ba \u2013 n\u0151i er\u0151, art deco h\u00e1tt\u00e9r \u00e9s id\u0151tlen ragyog\u00e1s egy festm\u00e9nyben, akril-olaj technik\u00e1val.","_seopress_robots_index":""},"product_brand":[],"product_cat":[43,24],"product_tag":[],"class_list":{"0":"post-2217","1":"product","2":"type-product","3":"status-publish","4":"has-post-thumbnail","6":"product_cat-art-deco-kollekcio","7":"product_cat-nagy-festmenyek","9":"first","10":"instock","11":"taxable","12":"shipping-taxable","13":"purchasable","14":"product-type-simple"},"_links":{"self":[{"href":"https:\/\/suzyartgallery.com\/en\/wp-json\/wp\/v2\/product\/2217","targetHints":{"allow":["GET"]}}],"collection":[{"href":"https:\/\/suzyartgallery.com\/en\/wp-json\/wp\/v2\/product"}],"about":[{"href":"https:\/\/suzyartgallery.com\/en\/wp-json\/wp\/v2\/types\/product"}],"replies":[{"embeddable":true,"href":"https:\/\/suzyartgallery.com\/en\/wp-json\/wp\/v2\/comments?post=2217"}],"wp:featuredmedia":[{"embeddable":true,"href":"https:\/\/suzyartgallery.com\/en\/wp-json\/wp\/v2\/media\/3209"}],"wp:attachment":[{"href":"https:\/\/suzyartgallery.com\/en\/wp-json\/wp\/v2\/media?parent=2217"}],"wp:term":[{"taxonomy":"product_brand","embeddable":true,"href":"https:\/\/suzyartgallery.com\/en\/wp-json\/wp\/v2\/product_brand?post=2217"},{"taxonomy":"product_cat","embeddable":true,"href":"https:\/\/suzyartgallery.com\/en\/wp-json\/wp\/v2\/product_cat?post=2217"},{"taxonomy":"product_tag","embeddable":true,"href":"https:\/\/suzyartgallery.com\/en\/wp-json\/wp\/v2\/product_tag?post=2217"}],"curies":[{"name":"wp","href":"https:\/\/api.w.org\/{rel}","templated":true}]}}