{"id":2139,"date":"2025-03-27T16:38:27","date_gmt":"2025-03-27T16:38:27","guid":{"rendered":"https:\/\/suzyartgallery.com\/?post_type=product&#038;p=2139"},"modified":"2026-04-07T13:29:27","modified_gmt":"2026-04-07T13:29:27","slug":"fenyzuhatag-waterfall-of-light","status":"publish","type":"product","link":"https:\/\/suzyartgallery.com\/en\/store\/product\/fenyzuhatag-waterfall-of-light\/","title":{"rendered":"F\u00e9nyzuhatag \/ Waterfall of light (mag\u00e1ntulajdonba ker\u00fclt)"},"content":{"rendered":"","protected":false},"excerpt":{"rendered":"<p>Privately owned<\/p>\n<p>&nbsp;<\/p>\n<div>\n<p class=\"p1\"><span class=\"s1\">Technique used: painted in acrylic and oil on canvas<\/span><\/p>\n<p class=\"p1\"><span class=\"s1\">Size: 40\u00d740 cm\u00a0<\/span><\/p>\n<p>(Made: 2025)<\/p>\n<\/div>","protected":false},"featured_media":3213,"comment_status":"open","ping_status":"closed","template":"","meta":{"_seopress_robots_primary_cat":"none","_seopress_titles_title":"%%sitetitle%% %%sep%% %%post_title%%","_seopress_titles_desc":"Misztikus f\u00e9nyj\u00e1t\u00e9k \u00e9s v\u00edzt\u00fck\u00f6r \u00f6tv\u00f6zete \u2013 a F\u00e9nyzuhatag egy spiritu\u00e1lis utaz\u00e1s a m\u00e9lyk\u00e9k \u00e9s f\u00e9nyes \u00e1rnyalatok vil\u00e1g\u00e1ba.","_seopress_robots_index":""},"product_brand":[],"product_cat":[19,22,44],"product_tag":[],"class_list":{"0":"post-2139","1":"product","2":"type-product","3":"status-publish","4":"has-post-thumbnail","6":"product_cat-eladott","7":"product_cat-kicsi-festmenyek","8":"product_cat-nonfigurativ-absztrakt-kollekcio","10":"first","11":"outofstock","12":"taxable","13":"shipping-taxable","14":"product-type-simple"},"_links":{"self":[{"href":"https:\/\/suzyartgallery.com\/en\/wp-json\/wp\/v2\/product\/2139","targetHints":{"allow":["GET"]}}],"collection":[{"href":"https:\/\/suzyartgallery.com\/en\/wp-json\/wp\/v2\/product"}],"about":[{"href":"https:\/\/suzyartgallery.com\/en\/wp-json\/wp\/v2\/types\/product"}],"replies":[{"embeddable":true,"href":"https:\/\/suzyartgallery.com\/en\/wp-json\/wp\/v2\/comments?post=2139"}],"wp:featuredmedia":[{"embeddable":true,"href":"https:\/\/suzyartgallery.com\/en\/wp-json\/wp\/v2\/media\/3213"}],"wp:attachment":[{"href":"https:\/\/suzyartgallery.com\/en\/wp-json\/wp\/v2\/media?parent=2139"}],"wp:term":[{"taxonomy":"product_brand","embeddable":true,"href":"https:\/\/suzyartgallery.com\/en\/wp-json\/wp\/v2\/product_brand?post=2139"},{"taxonomy":"product_cat","embeddable":true,"href":"https:\/\/suzyartgallery.com\/en\/wp-json\/wp\/v2\/product_cat?post=2139"},{"taxonomy":"product_tag","embeddable":true,"href":"https:\/\/suzyartgallery.com\/en\/wp-json\/wp\/v2\/product_tag?post=2139"}],"curies":[{"name":"wp","href":"https:\/\/api.w.org\/{rel}","templated":true}]}}