{"id":1943,"date":"2025-01-30T16:36:22","date_gmt":"2025-01-30T16:36:22","guid":{"rendered":"https:\/\/suzyartgallery.com\/?post_type=product&#038;p=1943"},"modified":"2026-04-07T11:05:57","modified_gmt":"2026-04-07T11:05:57","slug":"fragile-moment-torekeny-pillanat","status":"publish","type":"product","link":"https:\/\/suzyartgallery.com\/en\/store\/product\/fragile-moment-torekeny-pillanat\/","title":{"rendered":"T\u00f6r\u00e9keny pillanat \/ Fragile moment (70x50cm)"},"content":{"rendered":"","protected":false},"excerpt":{"rendered":"<p>This painting is a unique expression of femininity and emotion, where a cavalcade of colours and sweeping brushstrokes bring the subject to life. The woman's face radiates a subtle elegance, reflecting a deep inner world. The golden-yellowish background evokes a sense of warmth and radiance, while the contrasting shades of red, blue and green add dynamism, energy and a diversity of soul to the composition.<\/p>\n<p>The tangled, black curls of hair almost blend into the background, as if the whole figure is part of a colourful vortex in which passion, melancholy and self-expression meet. The painting both touches us with its intimacy and captivates us with its strong emotional charge, as if capturing a moment in the endless flow of time.<\/p>\n<p>This work is a lyrical dance of emotions and colours, which encourages the viewer to keep searching for the hidden stories in the woman's facial expressions.<\/p>\n<p>Technique : Painted with acrylic on MDF<\/p>\n<p>70\u00d750 cm<\/p>\n<p>(Made: 2025)<\/p>","protected":false},"featured_media":3217,"comment_status":"open","ping_status":"closed","template":"","meta":{"_seopress_robots_primary_cat":"none","_seopress_titles_title":"%%post_title%% %%sep%% %%sitetitle%%","_seopress_titles_desc":"\u00c9rz\u00e9ki n\u0151i portr\u00e9, ahol sz\u00ednek \u00e9s \u00e9rzelmek t\u00e1nca elevenedik meg. Lend\u00fcletes ecsetvon\u00e1sok \u00e9s m\u00e9ly tekintet mes\u00e9lnek a l\u00e9lek soksz\u00edn\u0171s\u00e9g\u00e9r\u0151l.","_seopress_robots_index":""},"product_brand":[],"product_cat":[41,23],"product_tag":[],"class_list":{"0":"post-1943","1":"product","2":"type-product","3":"status-publish","4":"has-post-thumbnail","6":"product_cat-figuralis-absztrakt-kollekcio","7":"product_cat-kozepes-festmenyek","9":"first","10":"instock","11":"taxable","12":"shipping-taxable","13":"purchasable","14":"product-type-simple"},"_links":{"self":[{"href":"https:\/\/suzyartgallery.com\/en\/wp-json\/wp\/v2\/product\/1943","targetHints":{"allow":["GET"]}}],"collection":[{"href":"https:\/\/suzyartgallery.com\/en\/wp-json\/wp\/v2\/product"}],"about":[{"href":"https:\/\/suzyartgallery.com\/en\/wp-json\/wp\/v2\/types\/product"}],"replies":[{"embeddable":true,"href":"https:\/\/suzyartgallery.com\/en\/wp-json\/wp\/v2\/comments?post=1943"}],"wp:featuredmedia":[{"embeddable":true,"href":"https:\/\/suzyartgallery.com\/en\/wp-json\/wp\/v2\/media\/3217"}],"wp:attachment":[{"href":"https:\/\/suzyartgallery.com\/en\/wp-json\/wp\/v2\/media?parent=1943"}],"wp:term":[{"taxonomy":"product_brand","embeddable":true,"href":"https:\/\/suzyartgallery.com\/en\/wp-json\/wp\/v2\/product_brand?post=1943"},{"taxonomy":"product_cat","embeddable":true,"href":"https:\/\/suzyartgallery.com\/en\/wp-json\/wp\/v2\/product_cat?post=1943"},{"taxonomy":"product_tag","embeddable":true,"href":"https:\/\/suzyartgallery.com\/en\/wp-json\/wp\/v2\/product_tag?post=1943"}],"curies":[{"name":"wp","href":"https:\/\/api.w.org\/{rel}","templated":true}]}}