{"id":1859,"date":"2025-01-02T12:29:33","date_gmt":"2025-01-02T12:29:33","guid":{"rendered":"https:\/\/suzyartgallery.com\/?post_type=product&#038;p=1859"},"modified":"2026-04-07T11:59:10","modified_gmt":"2026-04-07T11:59:10","slug":"paratlan-paros-odd-couple","status":"publish","type":"product","link":"https:\/\/suzyartgallery.com\/en\/store\/product\/paratlan-paros-odd-couple\/","title":{"rendered":"P\u00e1ratlan p\u00e1ros- 2 r\u00e9szes \/ Odd couple- 2 parts (2x 70x50cm)"},"content":{"rendered":"","protected":false},"excerpt":{"rendered":"<p>This two-part painting has a deep, emotional concept. The composition depicts a face, with gilded textures and seemingly random, dynamic paint drips covering the eyes and part of the forehead. The gold and vivid turquoise background create a harmonious contrast, while the dark tones add drama and mystery. The lips are exceptionally detailed, their luminous effect giving a futuristic and sculptural look.<\/p>\n<p>The separation of the double panel not only physically divides the image, but also creates a thought-provoking narrative: the fragmented self, the hidden identity or the limitation of the senses can be the subject. The gold-leafed surfaces symbolise both luxury and vulnerability, while the drips are an embodiment of spontaneity and uncontrolled emotion. This work is a truly modern, thought-provoking piece that both attracts the eye and prompts deeper reflection.<\/p>\n<p>Technique: print on MDF stretched canvas - acrylic paint + gold sheets<\/p>\n<p>M\u00e9ret: 70&#215;50 cm x 2 db.<\/p>\n<p>(Made: 2025)<\/p>","protected":false},"featured_media":3218,"comment_status":"open","ping_status":"closed","template":"","meta":{"_seopress_robots_primary_cat":"none","_seopress_titles_title":"%%post_title%% %%sep%% %%sitetitle%%","_seopress_titles_desc":"K\u00e9tr\u00e9szes modern festm\u00e9ny arannyal \u00e9s t\u00fcrkiz h\u00e1tt\u00e9rrel. \u00c9rzelemgazdag koncepci\u00f3, dr\u00e1mai t\u00f3nusok, futurisztikus r\u00e9szletek. M\u00e9ret: 2x 70x50 cm.","_seopress_robots_index":""},"product_brand":[],"product_cat":[42,23],"product_tag":[],"class_list":{"0":"post-1859","1":"product","2":"type-product","3":"status-publish","4":"has-post-thumbnail","6":"product_cat-goldi-kollekcio","7":"product_cat-kozepes-festmenyek","9":"first","10":"instock","11":"taxable","12":"shipping-taxable","13":"purchasable","14":"product-type-simple"},"_links":{"self":[{"href":"https:\/\/suzyartgallery.com\/en\/wp-json\/wp\/v2\/product\/1859","targetHints":{"allow":["GET"]}}],"collection":[{"href":"https:\/\/suzyartgallery.com\/en\/wp-json\/wp\/v2\/product"}],"about":[{"href":"https:\/\/suzyartgallery.com\/en\/wp-json\/wp\/v2\/types\/product"}],"replies":[{"embeddable":true,"href":"https:\/\/suzyartgallery.com\/en\/wp-json\/wp\/v2\/comments?post=1859"}],"wp:featuredmedia":[{"embeddable":true,"href":"https:\/\/suzyartgallery.com\/en\/wp-json\/wp\/v2\/media\/3218"}],"wp:attachment":[{"href":"https:\/\/suzyartgallery.com\/en\/wp-json\/wp\/v2\/media?parent=1859"}],"wp:term":[{"taxonomy":"product_brand","embeddable":true,"href":"https:\/\/suzyartgallery.com\/en\/wp-json\/wp\/v2\/product_brand?post=1859"},{"taxonomy":"product_cat","embeddable":true,"href":"https:\/\/suzyartgallery.com\/en\/wp-json\/wp\/v2\/product_cat?post=1859"},{"taxonomy":"product_tag","embeddable":true,"href":"https:\/\/suzyartgallery.com\/en\/wp-json\/wp\/v2\/product_tag?post=1859"}],"curies":[{"name":"wp","href":"https:\/\/api.w.org\/{rel}","templated":true}]}}