{"id":1840,"date":"2024-12-16T10:03:42","date_gmt":"2024-12-16T10:03:42","guid":{"rendered":"https:\/\/suzyartgallery.com\/?post_type=product&#038;p=1840"},"modified":"2026-04-11T10:50:22","modified_gmt":"2026-04-11T10:50:22","slug":"mesebringa-fairy-bike","status":"publish","type":"product","link":"https:\/\/suzyartgallery.com\/en\/store\/product\/mesebringa-fairy-bike\/","title":{"rendered":"Mesebringa \/ Fairy Bike (50x70cm)"},"content":{"rendered":"","protected":false},"excerpt":{"rendered":"<p>Ez a festm\u00e9ny a Restart m\u0171v\u00e9szeti p\u00e1ly\u00e1zat nyertes alkot\u00e1sa, mely \u201ck\u00fcl\u00f6nleges sz\u00ednvil\u00e1g\u201d kateg\u00f3ri\u00e1ba k\u00fcl\u00f6nd\u00edjat is kapott. \u2728<\/p>\n<p>This dynamic abstract painting exudes a vibrant energy, where the harmony of geometric shapes and bright colours creates a sense of movement and freedom. The black depth of the background contrasts with the bright yellow, green, blue and orange lines that evoke the shape of a bicycle. The artwork seems to reflect an urban landscape or the rhythm of modern life, where momentum and balance are both present. This painting is a symbolic embodiment of freedom and the flow of life.<\/p>\n<p>Technique used: painted with acrylic on MDF<\/p>\n<p>50\u00d770 cm<\/p>\n<p>(Made: 2024)<\/p>","protected":false},"featured_media":3219,"comment_status":"open","ping_status":"closed","template":"","meta":{"_seopress_robots_primary_cat":"none","_seopress_titles_title":"%%post_title%% %%sep%% %%sitetitle%%","_seopress_titles_desc":"Dinamikus absztrakt festm\u00e9ny \u00e9l\u00e9nk sz\u00ednekkel \u00e9s geometrikus form\u00e1kkal, amelyek a mozg\u00e1s, szabads\u00e1g \u00e9s modern \u00e9let lend\u00fclet\u00e9t id\u00e9zik. Akril, MDF lapra, 50x70 cm.","_seopress_robots_index":""},"product_brand":[],"product_cat":[41,23],"product_tag":[],"class_list":{"0":"post-1840","1":"product","2":"type-product","3":"status-publish","4":"has-post-thumbnail","6":"product_cat-figuralis-absztrakt-kollekcio","7":"product_cat-kozepes-festmenyek","9":"first","10":"instock","11":"taxable","12":"shipping-taxable","13":"purchasable","14":"product-type-simple"},"_links":{"self":[{"href":"https:\/\/suzyartgallery.com\/en\/wp-json\/wp\/v2\/product\/1840","targetHints":{"allow":["GET"]}}],"collection":[{"href":"https:\/\/suzyartgallery.com\/en\/wp-json\/wp\/v2\/product"}],"about":[{"href":"https:\/\/suzyartgallery.com\/en\/wp-json\/wp\/v2\/types\/product"}],"replies":[{"embeddable":true,"href":"https:\/\/suzyartgallery.com\/en\/wp-json\/wp\/v2\/comments?post=1840"}],"wp:featuredmedia":[{"embeddable":true,"href":"https:\/\/suzyartgallery.com\/en\/wp-json\/wp\/v2\/media\/3219"}],"wp:attachment":[{"href":"https:\/\/suzyartgallery.com\/en\/wp-json\/wp\/v2\/media?parent=1840"}],"wp:term":[{"taxonomy":"product_brand","embeddable":true,"href":"https:\/\/suzyartgallery.com\/en\/wp-json\/wp\/v2\/product_brand?post=1840"},{"taxonomy":"product_cat","embeddable":true,"href":"https:\/\/suzyartgallery.com\/en\/wp-json\/wp\/v2\/product_cat?post=1840"},{"taxonomy":"product_tag","embeddable":true,"href":"https:\/\/suzyartgallery.com\/en\/wp-json\/wp\/v2\/product_tag?post=1840"}],"curies":[{"name":"wp","href":"https:\/\/api.w.org\/{rel}","templated":true}]}}