{"id":1666,"date":"2024-10-25T11:12:05","date_gmt":"2024-10-25T11:12:05","guid":{"rendered":"https:\/\/suzyartgallery.com\/?post_type=product&#038;p=1666"},"modified":"2026-04-07T11:13:45","modified_gmt":"2026-04-07T11:13:45","slug":"free-spirit-szabad-lelek","status":"publish","type":"product","link":"https:\/\/suzyartgallery.com\/en\/store\/product\/free-spirit-szabad-lelek\/","title":{"rendered":"Szabad L\u00e9lek \/ Free Spirit (100x100cm)"},"content":{"rendered":"","protected":false},"excerpt":{"rendered":"<p>This painting evokes the power and freedom of the winds rushing through the air. The figure of the white horse, rendered in delicate yet dynamic brushstrokes, combines the serenity of the ethereal worlds with the wildness of nature. The interplay of shades of blue and grey embodies the tension and harmony of air and movement, while the figure of the horse symbolises raw strength, endurance and free will. The painting's colour combinations and dynamic forms give the viewer space to experience breathtaking moments of freedom.<\/p>\n<p>Technique used: painted with acrylic on MDF<\/p>\n<p>Size: 100 x 100 cm<\/p>\n<p>(Made: 2024)<\/p>","protected":false},"featured_media":1671,"comment_status":"open","ping_status":"closed","template":"","meta":{"_seopress_robots_primary_cat":"none","_seopress_titles_title":"%%post_title%% %%sep%% %%sitetitle%%","_seopress_titles_desc":"100x100 cm-es akrilfestm\u00e9ny egy v\u00e1gt\u00e1z\u00f3 feh\u00e9r l\u00f3r\u00f3l, amely a szabads\u00e1got \u00e9s a term\u00e9szet nyers erej\u00e9t \u00e1br\u00e1zolja a k\u00e9k \u00e9s sz\u00fcrke \u00e1rnyalatok harm\u00f3ni\u00e1j\u00e1val.","_seopress_robots_index":""},"product_brand":[],"product_cat":[41,24],"product_tag":[],"class_list":{"0":"post-1666","1":"product","2":"type-product","3":"status-publish","4":"has-post-thumbnail","6":"product_cat-figuralis-absztrakt-kollekcio","7":"product_cat-nagy-festmenyek","9":"first","10":"instock","11":"taxable","12":"shipping-taxable","13":"purchasable","14":"product-type-simple"},"_links":{"self":[{"href":"https:\/\/suzyartgallery.com\/en\/wp-json\/wp\/v2\/product\/1666","targetHints":{"allow":["GET"]}}],"collection":[{"href":"https:\/\/suzyartgallery.com\/en\/wp-json\/wp\/v2\/product"}],"about":[{"href":"https:\/\/suzyartgallery.com\/en\/wp-json\/wp\/v2\/types\/product"}],"replies":[{"embeddable":true,"href":"https:\/\/suzyartgallery.com\/en\/wp-json\/wp\/v2\/comments?post=1666"}],"wp:featuredmedia":[{"embeddable":true,"href":"https:\/\/suzyartgallery.com\/en\/wp-json\/wp\/v2\/media\/1671"}],"wp:attachment":[{"href":"https:\/\/suzyartgallery.com\/en\/wp-json\/wp\/v2\/media?parent=1666"}],"wp:term":[{"taxonomy":"product_brand","embeddable":true,"href":"https:\/\/suzyartgallery.com\/en\/wp-json\/wp\/v2\/product_brand?post=1666"},{"taxonomy":"product_cat","embeddable":true,"href":"https:\/\/suzyartgallery.com\/en\/wp-json\/wp\/v2\/product_cat?post=1666"},{"taxonomy":"product_tag","embeddable":true,"href":"https:\/\/suzyartgallery.com\/en\/wp-json\/wp\/v2\/product_tag?post=1666"}],"curies":[{"name":"wp","href":"https:\/\/api.w.org\/{rel}","templated":true}]}}