{"id":3,"date":"2024-07-29T09:27:11","date_gmt":"2024-07-29T09:27:11","guid":{"rendered":"https:\/\/suzyartgallery.com\/?page_id=3"},"modified":"2025-12-05T12:37:08","modified_gmt":"2025-12-05T12:37:08","slug":"adatkezeles","status":"publish","type":"page","link":"https:\/\/suzyartgallery.com\/en\/adatkezeles\/","title":{"rendered":"Data management"},"content":{"rendered":"<div data-elementor-type=\"wp-page\" data-elementor-id=\"3\" class=\"elementor elementor-3\" data-elementor-post-type=\"page\">\n\t\t\t\t<div class=\"elementor-element elementor-element-64df352 e-flex e-con-boxed e-con e-parent\" data-id=\"64df352\" data-element_type=\"container\">\n\t\t\t\t\t<div class=\"e-con-inner\">\n\t\t\t\t<div class=\"elementor-element elementor-element-59f0c5b elementor-widget elementor-widget-text-editor\" data-id=\"59f0c5b\" data-element_type=\"widget\" data-widget_type=\"text-editor.default\">\n\t\t\t\t<div class=\"elementor-widget-container\">\n\t\t\t\t\t\t\t\t\t<p>The data controller<\/p><p>Name: Zsuzsanna Balogh E.V.\u00a0<br \/>Registered office: HUNGARY, 1238 BUDAPEST, V\u00d6LGYHAJ\u00d3 STREET 69, BUILDING B<br \/>Tax number: 91591339-1-43<br \/>Registration number: 61486799<br \/>Statistical number: 91591339-9622-231-01<br \/>Website: <a href=\"https:\/\/suzyartgallery.com\/en\/\">https:\/\/suzyartgallery.com\/<\/a><br \/>Email address: info@suzyartgallery.com<\/p><p>The processing of data<br \/>purpose of the name<br \/>data subjects location legal basis duration<br \/>Webshop operation<br \/>Processing of orders, delivery of goods, invoicing in the online store operated by the Data Controller<br \/>Individuals registering and shopping in the webshop<\/p><p>Zsuzsanna Balogh E.V. <br \/>Registered office: HUNGARY, 1238 BUDAPEST, V\u00d6LGYHAJ\u00d3 STREET 69, BUILDING B<br \/>The data subject's consent, the contractual and legal obligation of the Data Controller for 8 years from the date of issue of the invoice<\/p><p>Other rules<br \/>use of the prospectus<br \/>The Data Controller will make the full text of this notice available to you before you make a purchase in the online shop. By ticking a separate box after providing his\/her data, the data subject acknowledges that he\/she has read the information and gives his\/her consent to the processing of the data.<br \/>amendment of the prospectus<br \/>The controller reserves the right to unilaterally amend this privacy notice. After the entry into force of the amendment, the user accepts the current amended privacy policy by accepting the amended privacy policy. The amendment shall not affect the data processing obligations provided for by law.<br \/>Data for persons under 16<br \/>We only process data of persons over the age of 16.<\/p><p>Zsuzsanna Balogh E.V. <br \/>Registered office: HUNGARY, 1238 BUDAPEST, V\u00d6LGYHAJ\u00d3 STREET 69, BUILDING B\u00a0<br \/>Tax number: 91591339-1-43<\/p><p>Data protection statement<\/p><p>The data you provide will be stored solely for the purposes of fulfilling your order, subsequent verification of the terms of your order or sending you a newsletter. Your data will not be disclosed to third parties, unless they act as a subcontractor for the performance of the contract, e.g. a courier service, who is not entitled to use, store or disclose the data received from us in any form. When processing your data, we will act in accordance with Act LXIII of 1992 on the Protection of Personal Data and the Disclosure of Data of Public Interest.<\/p><p>Ownership of information<br \/>We declare that our company owns the information displayed on our website. The <a href=\"https:\/\/suzyartgallery.com\/en\/\">https:\/\/suzyartgallery.com\/<\/a> The content and design of our website are protected by international and Hungarian law. It is also prohibited to sell, alter in any way, or republish information or articles originating from us. We reserve all further rights relating to the published material and will enforce these rights through legal action if necessary.<br \/>Anyone who registers with our online store is deemed to have accepted and agreed to our privacy policy.<\/p><p>Language of the contract: Hungarian<br \/>The hosting provider is Sybell Informatika Kft.<br \/>Address of the hosting provider:  1158 Budapest, K\u00e9sm\u00e1rk u. 7\/B 2nd floor, room 206.<br \/>The email address of the hosting provider: <a href=\"mailto:hello@sybell.hu\">hello@sybell.hu<\/a><br \/>The web site of the hosting provider:<a href=\"https:\/\/sybell.hu\/\">https:\/\/sybell.hu\/<\/a><\/p>\t\t\t\t\t\t\t\t<\/div>\n\t\t\t\t<\/div>\n\t\t\t\t\t<\/div>\n\t\t\t\t<\/div>\n\t\t\t\t<\/div>","protected":false},"excerpt":{"rendered":"<p>Az adatkezel\u0151 Neve: Balogh Zsuzsanna E.V.\u00a0Sz\u00e9khelye: MAGYARORSZ\u00c1G, 1238 BUDAPEST, V\u00d6LGYHAJ\u00d3 UTCA 69. \u00e9p.: BAd\u00f3sz\u00e1m : 91591339-1-43Nyilv\u00e1ntart\u00e1si sz\u00e1ma: 61486799Statisztikai sz\u00e1mjel: 91591339-9622-231-01Honlapja: https:\/\/suzyartgallery.com\/E-mail c\u00edme: info@suzyartgallery.com Az adatkezel\u00e9smegnevez\u00e9se c\u00e9lja\u00e9rintettek k\u00f6re helye jogalapja id\u0151tartamaWebshop \u00fczemeltet\u00e9sAz Adatkezel\u0151 \u00e1ltal \u00fczemeltetett internetes \u00e1ruh\u00e1z rendel\u00e9seinek kezel\u00e9se, az \u00e1ru kisz\u00e1ll\u00edt\u00e1sa, sz\u00e1mla ki\u00e1ll\u00edt\u00e1saA webshopban regisztr\u00e1l\u00f3 \u00e9s v\u00e1s\u00e1rol\u00f3 mag\u00e1nszem\u00e9lyek Balogh Zsuzsanna E.V. Sz\u00e9khelye: MAGYARORSZ\u00c1G, 1238 BUDAPEST, [&hellip;]<\/p>","protected":false},"author":1,"featured_media":0,"parent":0,"menu_order":0,"comment_status":"closed","ping_status":"open","template":"","meta":{"_seopress_robots_primary_cat":"","_seopress_titles_title":"","_seopress_titles_desc":"","_seopress_robots_index":"yes","footnotes":""},"class_list":["post-3","page","type-page","status-publish","hentry"],"_links":{"self":[{"href":"https:\/\/suzyartgallery.com\/en\/wp-json\/wp\/v2\/pages\/3","targetHints":{"allow":["GET"]}}],"collection":[{"href":"https:\/\/suzyartgallery.com\/en\/wp-json\/wp\/v2\/pages"}],"about":[{"href":"https:\/\/suzyartgallery.com\/en\/wp-json\/wp\/v2\/types\/page"}],"author":[{"embeddable":true,"href":"https:\/\/suzyartgallery.com\/en\/wp-json\/wp\/v2\/users\/1"}],"replies":[{"embeddable":true,"href":"https:\/\/suzyartgallery.com\/en\/wp-json\/wp\/v2\/comments?post=3"}],"version-history":[{"count":9,"href":"https:\/\/suzyartgallery.com\/en\/wp-json\/wp\/v2\/pages\/3\/revisions"}],"predecessor-version":[{"id":2813,"href":"https:\/\/suzyartgallery.com\/en\/wp-json\/wp\/v2\/pages\/3\/revisions\/2813"}],"wp:attachment":[{"href":"https:\/\/suzyartgallery.com\/en\/wp-json\/wp\/v2\/media?parent=3"}],"curies":[{"name":"wp","href":"https:\/\/api.w.org\/{rel}","templated":true}]}}