{"id":2638,"date":"2025-09-05T11:47:54","date_gmt":"2025-09-05T11:47:54","guid":{"rendered":"https:\/\/suzyartgallery.com\/?page_id=2638"},"modified":"2025-09-06T12:13:23","modified_gmt":"2025-09-06T12:13:23","slug":"suzy-art-wear","status":"publish","type":"page","link":"https:\/\/suzyartgallery.com\/en\/suzy-art-wear\/","title":{"rendered":"Suzy Art Wear"},"content":{"rendered":"<div data-elementor-type=\"wp-page\" data-elementor-id=\"2638\" class=\"elementor elementor-2638\" data-elementor-post-type=\"page\">\n\t\t\t\t<div class=\"elementor-element elementor-element-4953887 e-flex e-con-boxed e-con e-parent\" data-id=\"4953887\" data-element_type=\"container\">\n\t\t\t\t\t<div class=\"e-con-inner\">\n\t\t\t\t<div class=\"elementor-element elementor-element-03de41f elementor-widget elementor-widget-heading\" data-id=\"03de41f\" data-element_type=\"widget\" data-widget_type=\"heading.default\">\n\t\t\t\t<div class=\"elementor-widget-container\">\n\t\t\t\t\t<h2 class=\"elementor-heading-title elementor-size-default\">Suzy Art Wear<\/h2>\t\t\t\t<\/div>\n\t\t\t\t<\/div>\n\t\t\t\t<div class=\"elementor-element elementor-element-bd6db51 elementor-widget elementor-widget-heading\" data-id=\"bd6db51\" data-element_type=\"widget\" data-widget_type=\"heading.default\">\n\t\t\t\t<div class=\"elementor-widget-container\">\n\t\t\t\t\t<h2 class=\"elementor-heading-title elementor-size-default\">Art meets fashion<\/h2>\t\t\t\t<\/div>\n\t\t\t\t<\/div>\n\t\t\t\t\t<\/div>\n\t\t\t\t<\/div>\n\t\t<div class=\"elementor-element elementor-element-67dd1dd e-flex e-con-boxed e-con e-parent\" data-id=\"67dd1dd\" data-element_type=\"container\">\n\t\t\t\t\t<div class=\"e-con-inner\">\n\t\t\t\t<div class=\"elementor-element elementor-element-0c013ab elementor-hidden-tablet elementor-hidden-mobile elementor-widget elementor-widget-text-editor\" data-id=\"0c013ab\" data-element_type=\"widget\" data-widget_type=\"text-editor.default\">\n\t\t\t\t<div class=\"elementor-widget-container\">\n\t\t\t\t\t\t\t\t\t<p><strong>The Suzy Art Wear collection is inspired by the world of my paintings: the glamour of gold and silver, the pulsation of shapes, the power of contemporary art.<\/strong><\/p><p><strong>These gave birth to the idea of taking the gallery's atmosphere with you, not just on the walls, but also in your clothes.<\/strong><\/p><p><strong>Limited, exclusive collection - only 100 numbered pieces made.<\/strong><\/p><p><strong>Each blouse has a unique serial number, so yours is not just a garment, but a true collector's item, never to be made again.<\/strong><\/p><p><strong>Wearable art.<\/strong><\/p><p><strong>The 100% pieces are made from lightweight, breathable premium fabric with a durable foil print.<\/strong><\/p><p><strong>They come in an elegant gift box with an exclusive gift of washing perfume - perfect for a special gift.<\/strong><\/p>\t\t\t\t\t\t\t\t<\/div>\n\t\t\t\t<\/div>\n\t\t\t\t\t<\/div>\n\t\t\t\t<\/div>\n\t\t<div class=\"elementor-element elementor-element-7f11c91 e-flex e-con-boxed e-con e-parent\" data-id=\"7f11c91\" data-element_type=\"container\">\n\t\t\t\t\t<div class=\"e-con-inner\">\n\t\t\t\t<div class=\"elementor-element elementor-element-ef85a57 elementor-grid-tablet-2 elementor-product-loop-item--align-center elementor-grid-4 elementor-grid-mobile-2 elementor-products-grid elementor-wc-products elementor-widget elementor-widget-woocommerce-products\" data-id=\"ef85a57\" data-element_type=\"widget\" data-widget_type=\"woocommerce-products.default\">\n\t\t\t\t<div class=\"elementor-widget-container\">\n\t\t\t\t\t<div class=\"woocommerce columns-4\"><ul class=\"products elementor-grid columns-4\">\n<li class=\"product type-product post-2613 status-publish first instock product_cat-suzy-art-wear has-post-thumbnail taxable shipping-taxable purchasable product-type-simple\">\n\t<a href=\"https:\/\/suzyartgallery.com\/en\/store\/product\/saw-signature-tee-silver-edition\/\" class=\"woocommerce-LoopProduct-link woocommerce-loop-product__link\"><img fetchpriority=\"high\" decoding=\"async\" width=\"300\" height=\"300\" src=\"https:\/\/suzyartgallery.com\/wp-content\/uploads\/2025\/09\/image3-300x300.webp\" class=\"attachment-woocommerce_thumbnail size-woocommerce_thumbnail\" alt=\"SAW Signature Tee \u2013 Silver Edition -n\u0151i limit\u00e1lt bl\u00faz\" srcset=\"https:\/\/suzyartgallery.com\/wp-content\/uploads\/2025\/09\/image3-300x300.webp 300w, https:\/\/suzyartgallery.com\/wp-content\/uploads\/2025\/09\/image3-150x150.webp 150w, https:\/\/suzyartgallery.com\/wp-content\/uploads\/2025\/09\/image3-768x768.webp 768w, https:\/\/suzyartgallery.com\/wp-content\/uploads\/2025\/09\/image3-12x12.webp 12w, https:\/\/suzyartgallery.com\/wp-content\/uploads\/2025\/09\/image3-600x600.webp 600w, https:\/\/suzyartgallery.com\/wp-content\/uploads\/2025\/09\/image3-100x100.webp 100w, https:\/\/suzyartgallery.com\/wp-content\/uploads\/2025\/09\/image3-50x50.webp 50w, https:\/\/suzyartgallery.com\/wp-content\/uploads\/2025\/09\/image3.webp 900w\" sizes=\"(max-width: 300px) 100vw, 300px\" \/><h2 class=\"woocommerce-loop-product__title\">SAW Signature Tee - Silver Edition<\/h2>\n\t<span class=\"price\"><span class=\"woocommerce-Price-amount amount\"><bdi>150&nbsp;<span class=\"woocommerce-Price-currencySymbol\">\u20ac<\/span><\/bdi><\/span><\/span>\n<\/a><div class=\"woocommerce-loop-product__buttons\"><a href=\"https:\/\/suzyartgallery.com\/en\/store\/product\/saw-signature-tee-silver-edition\/\" aria-describedby=\"woocommerce_loop_add_to_cart_link_describedby_2613\" data-quantity=\"1\" class=\"button product_type_simple add_to_cart_button\" data-product_id=\"2613\" data-product_sku=\"SAW1G-0\" aria-label=\"Add to basket: \u201cSAW Signature Tee \u2013 Silver Edition\u201d\" rel=\"nofollow\" data-success_message=\"\u201cSAW Signature Tee \u2013 Silver Edition\u201d has been added to your cart\" data-no-translation-aria-label=\"\" data-no-translation-data-success_message=\"\">Select options<\/a><\/div>\t<span id=\"woocommerce_loop_add_to_cart_link_describedby_2613\" class=\"screen-reader-text\">\n\t\t\t<\/span>\n<\/li>\n<li class=\"product type-product post-2577 status-publish instock product_cat-suzy-art-wear has-post-thumbnail taxable shipping-taxable purchasable product-type-simple\">\n\t<a href=\"https:\/\/suzyartgallery.com\/en\/store\/product\/saw-signature-tee-gold-edition\/\" class=\"woocommerce-LoopProduct-link woocommerce-loop-product__link\"><img decoding=\"async\" width=\"300\" height=\"300\" src=\"https:\/\/suzyartgallery.com\/wp-content\/uploads\/2025\/09\/termek-kep-300x300.webp\" class=\"attachment-woocommerce_thumbnail size-woocommerce_thumbnail\" alt=\"SAW Signature Tee \u2013 Gold Edition\" srcset=\"https:\/\/suzyartgallery.com\/wp-content\/uploads\/2025\/09\/termek-kep-300x300.webp 300w, https:\/\/suzyartgallery.com\/wp-content\/uploads\/2025\/09\/termek-kep-150x150.webp 150w, https:\/\/suzyartgallery.com\/wp-content\/uploads\/2025\/09\/termek-kep-11x12.webp 11w, https:\/\/suzyartgallery.com\/wp-content\/uploads\/2025\/09\/termek-kep-100x100.webp 100w\" sizes=\"(max-width: 300px) 100vw, 300px\" \/><h2 class=\"woocommerce-loop-product__title\">SAW Signature Tee - Gold Edition<\/h2>\n\t<span class=\"price\"><span class=\"woocommerce-Price-amount amount\"><bdi>150&nbsp;<span class=\"woocommerce-Price-currencySymbol\">\u20ac<\/span><\/bdi><\/span><\/span>\n<\/a><div class=\"woocommerce-loop-product__buttons\"><a href=\"https:\/\/suzyartgallery.com\/en\/store\/product\/saw-signature-tee-gold-edition\/\" aria-describedby=\"woocommerce_loop_add_to_cart_link_describedby_2577\" data-quantity=\"1\" class=\"button product_type_simple add_to_cart_button\" data-product_id=\"2577\" data-product_sku=\"SAW2G\" aria-label=\"Add to basket: \u201cSAW Signature Tee \u2013 Gold Edition\u201d\" rel=\"nofollow\" data-success_message=\"\u201cSAW Signature Tee \u2013 Gold Edition\u201d has been added to your cart\" data-no-translation-aria-label=\"\" data-no-translation-data-success_message=\"\">Select options<\/a><\/div>\t<span id=\"woocommerce_loop_add_to_cart_link_describedby_2577\" class=\"screen-reader-text\">\n\t\t\t<\/span>\n<\/li>\n<\/ul>\n<\/div>\t\t\t\t<\/div>\n\t\t\t\t<\/div>\n\t\t\t\t<div class=\"elementor-element elementor-element-b49a121 elementor-hidden-desktop elementor-widget elementor-widget-text-editor\" data-id=\"b49a121\" data-element_type=\"widget\" data-widget_type=\"text-editor.default\">\n\t\t\t\t<div class=\"elementor-widget-container\">\n\t\t\t\t\t\t\t\t\t<p><strong>The Suzy Art Wear collection is inspired by the world of my paintings: the glamour of gold and silver, the pulsation of shapes, the power of contemporary art.<\/strong><\/p><p><strong>These gave birth to the idea of taking the gallery's atmosphere with you, not just on the walls, but also in your clothes.<\/strong><\/p><p><strong>Limited, exclusive collection - only 100 numbered pieces made.<\/strong><\/p><p><strong>Each T-shirt has a unique serial number, so yours is not just a piece of clothing, but a true collector's item, never to be made again.<\/strong><\/p><p><strong>Wearable art.<\/strong><\/p><p><strong>The 100% pieces are made from lightweight, breathable premium fabric with a durable foil print.<\/strong><\/p><p><strong>They come in an elegant gift box with an exclusive gift of washing perfume - perfect for a special gift.<\/strong><\/p>\t\t\t\t\t\t\t\t<\/div>\n\t\t\t\t<\/div>\n\t\t\t\t\t<\/div>\n\t\t\t\t<\/div>\n\t\t\t\t<\/div>","protected":false},"excerpt":{"rendered":"<p>Suzy Art Wear A m\u0171v\u00e9szet \u00e9s divat tal\u00e1lkoz\u00e1sa A Suzy Art Wear kollekci\u00f3t festm\u00e9nyeim vil\u00e1ga ihlette: az arany \u00e9s ez\u00fcst ragyog\u00e1sa, a form\u00e1k l\u00fcktet\u00e9se, a kort\u00e1rs m\u0171v\u00e9szet ereje. Ezekb\u0151l sz\u00fcletett meg a gondolat, hogy a gal\u00e9ria hangulat\u00e1t ne csak a falakon, hanem viseletben is magaddal vihesd. Limit\u00e1lt, exkluz\u00edv kollekci\u00f3 \u2013 mind\u00f6ssze 100 sz\u00e1mozott darab k\u00e9sz\u00fclt. [&hellip;]<\/p>","protected":false},"author":2,"featured_media":0,"parent":0,"menu_order":0,"comment_status":"closed","ping_status":"closed","template":"","meta":{"_seopress_robots_primary_cat":"","_seopress_titles_title":"%%sitetitle%% %%sep%% %%post_title%%","_seopress_titles_desc":"Minden p\u00f3l\u00f3 gondosan megtervezett, sorsz\u00e1mozott, \u00e9s csak korl\u00e1tozott p\u00e9ld\u00e1nysz\u00e1mban \u00e9rhet\u0151 el \u2013 \u00edgy garant\u00e1ltan k\u00fcl\u00f6nleges \u00e9rt\u00e9ket k\u00e9pvisel.","_seopress_robots_index":"","footnotes":""},"class_list":["post-2638","page","type-page","status-publish","hentry"],"_links":{"self":[{"href":"https:\/\/suzyartgallery.com\/en\/wp-json\/wp\/v2\/pages\/2638","targetHints":{"allow":["GET"]}}],"collection":[{"href":"https:\/\/suzyartgallery.com\/en\/wp-json\/wp\/v2\/pages"}],"about":[{"href":"https:\/\/suzyartgallery.com\/en\/wp-json\/wp\/v2\/types\/page"}],"author":[{"embeddable":true,"href":"https:\/\/suzyartgallery.com\/en\/wp-json\/wp\/v2\/users\/2"}],"replies":[{"embeddable":true,"href":"https:\/\/suzyartgallery.com\/en\/wp-json\/wp\/v2\/comments?post=2638"}],"version-history":[{"count":29,"href":"https:\/\/suzyartgallery.com\/en\/wp-json\/wp\/v2\/pages\/2638\/revisions"}],"predecessor-version":[{"id":2688,"href":"https:\/\/suzyartgallery.com\/en\/wp-json\/wp\/v2\/pages\/2638\/revisions\/2688"}],"wp:attachment":[{"href":"https:\/\/suzyartgallery.com\/en\/wp-json\/wp\/v2\/media?parent=2638"}],"curies":[{"name":"wp","href":"https:\/\/api.w.org\/{rel}","templated":true}]}}