{"id":2242,"date":"2025-06-08T11:44:56","date_gmt":"2025-06-08T11:44:56","guid":{"rendered":"https:\/\/suzyartgallery.com\/?page_id=2242"},"modified":"2026-03-12T16:06:39","modified_gmt":"2026-03-12T16:06:39","slug":"verseim","status":"publish","type":"page","link":"https:\/\/suzyartgallery.com\/en\/verseim\/","title":{"rendered":"My poems"},"content":{"rendered":"<div data-elementor-type=\"wp-page\" data-elementor-id=\"2242\" class=\"elementor elementor-2242\" data-elementor-post-type=\"page\">\n\t\t\t\t<div class=\"elementor-element elementor-element-ce339cb e-flex e-con-boxed e-con e-parent\" data-id=\"ce339cb\" data-element_type=\"container\" data-settings=\"{&quot;background_background&quot;:&quot;classic&quot;}\">\n\t\t\t\t\t<div class=\"e-con-inner\">\n\t\t<div class=\"elementor-element elementor-element-a08a996 e-con-full e-flex e-con e-child\" data-id=\"a08a996\" data-element_type=\"container\">\n\t\t\t\t<div class=\"elementor-element elementor-element-80092a0 elementor-widget-divider--view-line elementor-widget elementor-widget-divider\" data-id=\"80092a0\" data-element_type=\"widget\" data-widget_type=\"divider.default\">\n\t\t\t\t<div class=\"elementor-widget-container\">\n\t\t\t\t\t\t\t<div class=\"elementor-divider\">\n\t\t\t<span class=\"elementor-divider-separator\">\n\t\t\t\t\t\t<\/span>\n\t\t<\/div>\n\t\t\t\t\t\t<\/div>\n\t\t\t\t<\/div>\n\t\t\t\t<\/div>\n\t\t<div class=\"elementor-element elementor-element-dc019b2 e-con-full e-flex e-con e-child\" data-id=\"dc019b2\" data-element_type=\"container\">\n\t\t\t\t<div class=\"elementor-element elementor-element-3dd1f6c elementor-widget elementor-widget-heading\" data-id=\"3dd1f6c\" data-element_type=\"widget\" data-widget_type=\"heading.default\">\n\t\t\t\t<div class=\"elementor-widget-container\">\n\t\t\t\t\t<h2 class=\"elementor-heading-title elementor-size-default\">The voices of my soul \u2014 poured into colors<\/h2>\t\t\t\t<\/div>\n\t\t\t\t<\/div>\n\t\t\t\t<\/div>\n\t\t<div class=\"elementor-element elementor-element-203ee78 e-con-full e-flex e-con e-child\" data-id=\"203ee78\" data-element_type=\"container\">\n\t\t\t\t<div class=\"elementor-element elementor-element-eedbffe elementor-widget-divider--view-line elementor-widget elementor-widget-divider\" data-id=\"eedbffe\" data-element_type=\"widget\" data-widget_type=\"divider.default\">\n\t\t\t\t<div class=\"elementor-widget-container\">\n\t\t\t\t\t\t\t<div class=\"elementor-divider\">\n\t\t\t<span class=\"elementor-divider-separator\">\n\t\t\t\t\t\t<\/span>\n\t\t<\/div>\n\t\t\t\t\t\t<\/div>\n\t\t\t\t<\/div>\n\t\t\t\t<\/div>\n\t\t\t\t\t<\/div>\n\t\t\t\t<\/div>\n\t\t<div class=\"elementor-element elementor-element-8c96962 e-flex e-con-boxed e-con e-parent\" data-id=\"8c96962\" data-element_type=\"container\" data-settings=\"{&quot;background_background&quot;:&quot;classic&quot;}\">\n\t\t\t\t\t<div class=\"e-con-inner\">\n\t\t<div class=\"elementor-element elementor-element-c897845 e-con-full e-flex e-con e-child\" data-id=\"c897845\" data-element_type=\"container\">\n\t\t\t\t<div class=\"elementor-element elementor-element-13e05d1 elementor-widget elementor-widget-image\" data-id=\"13e05d1\" data-element_type=\"widget\" data-widget_type=\"image.default\">\n\t\t\t\t<div class=\"elementor-widget-container\">\n\t\t\t\t\t\t\t\t\t\t\t\t\t\t\t<img fetchpriority=\"high\" decoding=\"async\" width=\"683\" height=\"1024\" src=\"https:\/\/suzyartgallery.com\/wp-content\/uploads\/2026\/03\/IMG_7017-683x1024.jpeg\" class=\"attachment-large size-large wp-image-3149\" alt=\"\" srcset=\"https:\/\/suzyartgallery.com\/wp-content\/uploads\/2026\/03\/IMG_7017-683x1024.jpeg 683w, https:\/\/suzyartgallery.com\/wp-content\/uploads\/2026\/03\/IMG_7017-200x300.jpeg 200w, https:\/\/suzyartgallery.com\/wp-content\/uploads\/2026\/03\/IMG_7017-768x1152.jpeg 768w, https:\/\/suzyartgallery.com\/wp-content\/uploads\/2026\/03\/IMG_7017-8x12.jpeg 8w, https:\/\/suzyartgallery.com\/wp-content\/uploads\/2026\/03\/IMG_7017-600x900.jpeg 600w, https:\/\/suzyartgallery.com\/wp-content\/uploads\/2026\/03\/IMG_7017.jpeg 960w\" sizes=\"(max-width: 683px) 100vw, 683px\" \/>\t\t\t\t\t\t\t\t\t\t\t\t\t\t\t<\/div>\n\t\t\t\t<\/div>\n\t\t\t\t<\/div>\n\t\t<div class=\"elementor-element elementor-element-ff99f77 e-con-full e-flex e-con e-child\" data-id=\"ff99f77\" data-element_type=\"container\">\n\t\t\t\t<div class=\"elementor-element elementor-element-0633dfd elementor-widget__width-initial elementor-widget elementor-widget-heading\" data-id=\"0633dfd\" data-element_type=\"widget\" data-widget_type=\"heading.default\">\n\t\t\t\t<div class=\"elementor-widget-container\">\n\t\t\t\t\t<h2 class=\"elementor-heading-title elementor-size-default\">L\u00e9lekb\u0151l - l\u00e1tv\u00e1ny<\/h2>\t\t\t\t<\/div>\n\t\t\t\t<\/div>\n\t\t\t\t<div class=\"elementor-element elementor-element-5631f73 elementor-widget elementor-widget-text-editor\" data-id=\"5631f73\" data-element_type=\"widget\" data-widget_type=\"text-editor.default\">\n\t\t\t\t<div class=\"elementor-widget-container\">\n\t\t\t\t\t\t\t\t\t<p class=\"p1\">\u00a0<\/p><p class=\"p1\"><span class=\"s1\">An album that has no price \u2014 only value.<\/span><\/p><p class=\"p1\"><span class=\"s2\">Amid the rush of everyday life, we all carry emotions, lived stories, hopes, and silent moments. <\/span><span class=\"s3\">Soul into vision<\/span><span class=\"s2\"> album was born from these moments \u2014 from thoughts and poems that invite us to pause for a while, grow still, and find our way back to ourselves.<\/span><\/p><p class=\"p1\"><span class=\"s2\">The contemporary poems in this collection carry emotional layers that are light in tone, yet deeply moving. They do not seek to change the world \u2014 only to make yours a little more beautiful for a moment.<\/span><\/p><p class=\"p1\"><span class=\"s2\">The true special feature of this album is that <\/span><span class=\"s1\">it comes as a complimentary gift with every painting purchase<\/span><span class=\"s2\">so together with the artwork, the thoughts that inspired it also find a home with you.<\/span><\/p><p class=\"p1\"><span class=\"s2\">For these paintings offer more than a visual experience \u2014 they embody stories, emotions, unspoken truths, and the thoughts from which each work was born.<\/span><\/p><p class=\"p1\"><span class=\"s1\">Each purchase marks the beginning of a special connection, where painting and thought become one \u2014 expressed through soul-stirring poetry and visual form.<\/span><\/p>\t\t\t\t\t\t\t\t<\/div>\n\t\t\t\t<\/div>\n\t\t\t\t<\/div>\n\t\t\t\t\t<\/div>\n\t\t\t\t<\/div>\n\t\t<div class=\"elementor-element elementor-element-e1c7160 e-flex e-con-boxed e-con e-parent\" data-id=\"e1c7160\" data-element_type=\"container\">\n\t\t\t\t\t<div class=\"e-con-inner\">\n\t\t\t\t<div class=\"elementor-element elementor-element-64f2555 elementor-view-default elementor-widget elementor-widget-icon\" data-id=\"64f2555\" data-element_type=\"widget\" data-widget_type=\"icon.default\">\n\t\t\t\t<div class=\"elementor-widget-container\">\n\t\t\t\t\t\t\t<div class=\"elementor-icon-wrapper\">\n\t\t\t<div class=\"elementor-icon\">\n\t\t\t<svg aria-hidden=\"true\" class=\"e-font-icon-svg e-far-heart\" viewbox=\"0 0 512 512\" xmlns=\"http:\/\/www.w3.org\/2000\/svg\"><path d=\"M458.4 64.3C400.6 15.7 311.3 23 256 79.3 200.7 23 111.4 15.6 53.6 64.3-21.6 127.6-10.6 230.8 43 285.5l175.4 178.7c10 10.2 23.4 15.9 37.6 15.9 14.3 0 27.6-5.6 37.6-15.8L469 285.6c53.5-54.7 64.7-157.9-10.6-221.3zm-23.6 187.5L259.4 430.5c-2.4 2.4-4.4 2.4-6.8 0L77.2 251.8c-36.5-37.2-43.9-107.6 7.3-150.7 38.9-32.7 98.9-27.8 136.5 10.5l35 35.7 35-35.7c37.8-38.5 97.8-43.2 136.5-10.6 51.1 43.1 43.5 113.9 7.3 150.8z\"><\/path><\/svg>\t\t\t<\/div>\n\t\t<\/div>\n\t\t\t\t\t\t<\/div>\n\t\t\t\t<\/div>\n\t\t\t\t<div class=\"elementor-element elementor-element-cb351a9 elementor-widget elementor-widget-text-editor\" data-id=\"cb351a9\" data-element_type=\"widget\" data-widget_type=\"text-editor.default\">\n\t\t\t\t<div class=\"elementor-widget-container\">\n\t\t\t\t\t\t\t\t\t<p class=\"p1\"><span class=\"s1\">With every painting purchase, I offer this album as a complimentary gift \u2014 a special visual and emotional journey, where my thoughts take shape as contemporary poetry, and my paintings speak through their imagery, intertwined as one.<\/span><\/p>\t\t\t\t\t\t\t\t<\/div>\n\t\t\t\t<\/div>\n\t\t\t\t\t<\/div>\n\t\t\t\t<\/div>\n\t\t\t\t<\/div>","protected":false},"excerpt":{"rendered":"<p>Lelkem hangjai- sz\u00ednekbe \u00f6ntve L\u00e9lekb\u0151l &#8211; l\u00e1tv\u00e1ny \u00a0 Album, amelynek nincs \u00e1ra \u2013 \u00e9rt\u00e9ke van. A mindennapok rohan\u00e1s\u00e1ban mindannyian hordozunk \u00e9rz\u00e9seket, meg\u00e9lt t\u00f6rt\u00e9neteket, rem\u00e9nyeket \u00e9s csendeket. A L\u00e9lekb\u0151l \u2013 L\u00e1tv\u00e1ny album ezekb\u0151l a pillanatokb\u00f3l sz\u00fcletett: olyan gondolatokb\u00f3l \u00e9s versekb\u0151l, amelyek seg\u00edtenek meg\u00e1llni egy pillanatra, elcsendesedni, \u00e9s visszatal\u00e1lni \u00f6nmagunkhoz. A k\u00f6tetben szerepl\u0151 kort\u00e1rs versek k\u00f6nnyed, m\u00e9gis [&hellip;]<\/p>","protected":false},"author":1,"featured_media":0,"parent":0,"menu_order":0,"comment_status":"closed","ping_status":"closed","template":"elementor_header_footer","meta":{"_seopress_robots_primary_cat":"","_seopress_titles_title":"","_seopress_titles_desc":"","_seopress_robots_index":"","footnotes":""},"class_list":["post-2242","page","type-page","status-publish","hentry"],"_links":{"self":[{"href":"https:\/\/suzyartgallery.com\/en\/wp-json\/wp\/v2\/pages\/2242","targetHints":{"allow":["GET"]}}],"collection":[{"href":"https:\/\/suzyartgallery.com\/en\/wp-json\/wp\/v2\/pages"}],"about":[{"href":"https:\/\/suzyartgallery.com\/en\/wp-json\/wp\/v2\/types\/page"}],"author":[{"embeddable":true,"href":"https:\/\/suzyartgallery.com\/en\/wp-json\/wp\/v2\/users\/1"}],"replies":[{"embeddable":true,"href":"https:\/\/suzyartgallery.com\/en\/wp-json\/wp\/v2\/comments?post=2242"}],"version-history":[{"count":34,"href":"https:\/\/suzyartgallery.com\/en\/wp-json\/wp\/v2\/pages\/2242\/revisions"}],"predecessor-version":[{"id":3178,"href":"https:\/\/suzyartgallery.com\/en\/wp-json\/wp\/v2\/pages\/2242\/revisions\/3178"}],"wp:attachment":[{"href":"https:\/\/suzyartgallery.com\/en\/wp-json\/wp\/v2\/media?parent=2242"}],"curies":[{"name":"wp","href":"https:\/\/api.w.org\/{rel}","templated":true}]}}