{"id":183,"date":"2024-07-30T05:58:45","date_gmt":"2024-07-30T05:58:45","guid":{"rendered":"https:\/\/suzyartgallery.com\/?page_id=183"},"modified":"2026-04-13T08:08:48","modified_gmt":"2026-04-13T08:08:48","slug":"kiallitasaim","status":"publish","type":"page","link":"https:\/\/suzyartgallery.com\/en\/kiallitasaim\/","title":{"rendered":"My exhibitions"},"content":{"rendered":"<div data-elementor-type=\"wp-page\" data-elementor-id=\"183\" class=\"elementor elementor-183\" data-elementor-post-type=\"page\">\n\t\t\t\t<div class=\"elementor-element elementor-element-79a98d6 e-flex e-con-boxed e-con e-parent\" data-id=\"79a98d6\" data-element_type=\"container\">\n\t\t\t\t\t<div class=\"e-con-inner\">\n\t\t<div class=\"elementor-element elementor-element-77ff368 e-con-full e-flex e-con e-child\" data-id=\"77ff368\" data-element_type=\"container\">\n\t\t<div class=\"elementor-element elementor-element-a0c3fd5 e-con-full e-flex e-con e-child\" data-id=\"a0c3fd5\" data-element_type=\"container\">\n\t\t\t\t<div class=\"elementor-element elementor-element-4574292 elementor-widget elementor-widget-heading\" data-id=\"4574292\" data-element_type=\"widget\" data-widget_type=\"heading.default\">\n\t\t\t\t<div class=\"elementor-widget-container\">\n\t\t\t\t\t<h2 class=\"elementor-heading-title elementor-size-default\">Restart Spring <\/h2>\t\t\t\t<\/div>\n\t\t\t\t<\/div>\n\t\t\t\t<div class=\"elementor-element elementor-element-2d29c79 elementor-widget elementor-widget-heading\" data-id=\"2d29c79\" data-element_type=\"widget\" data-widget_type=\"heading.default\">\n\t\t\t\t<div class=\"elementor-widget-container\">\n\t\t\t\t\t<h2 class=\"elementor-heading-title elementor-size-default\">Group exhibition <\/h2>\t\t\t\t<\/div>\n\t\t\t\t<\/div>\n\t\t\t\t<\/div>\n\t\t<div class=\"elementor-element elementor-element-6feeee0 e-con-full e-flex e-con e-child\" data-id=\"6feeee0\" data-element_type=\"container\">\n\t\t\t\t<div class=\"elementor-element elementor-element-cb3d791 elementor-widget elementor-widget-text-editor\" data-id=\"cb3d791\" data-element_type=\"widget\" data-widget_type=\"text-editor.default\">\n\t\t\t\t<div class=\"elementor-widget-container\">\n\t\t\t\t\t\t\t\t\t<p>Megnyit\u00f3: 2026.04.10-\u00e9n 18:00<\/p><p>Id\u0151pont: 2026.03.31- 2026.04.25- ig<\/p><p>Helysz\u00edn: \u2028Golden Duck gallery &amp; Art space 1092. Budapest, R\u00e1day u. 31b.<\/p>\t\t\t\t\t\t\t\t<\/div>\n\t\t\t\t<\/div>\n\t\t\t\t<\/div>\n\t\t\t\t<\/div>\n\t\t\t\t\t<\/div>\n\t\t\t\t<\/div>\n\t\t<div class=\"elementor-element elementor-element-0dfa0e0 e-flex e-con-boxed e-con e-parent\" data-id=\"0dfa0e0\" data-element_type=\"container\">\n\t\t\t\t\t<div class=\"e-con-inner\">\n\t\t<div class=\"elementor-element elementor-element-eba98a1 e-con-full e-flex e-con e-child\" data-id=\"eba98a1\" data-element_type=\"container\">\n\t\t<div class=\"elementor-element elementor-element-3e3bf14 e-con-full e-flex e-con e-child\" data-id=\"3e3bf14\" data-element_type=\"container\">\n\t\t\t\t<div class=\"elementor-element elementor-element-9e81086 elementor-widget elementor-widget-heading\" data-id=\"9e81086\" data-element_type=\"widget\" data-widget_type=\"heading.default\">\n\t\t\t\t<div class=\"elementor-widget-container\">\n\t\t\t\t\t<h2 class=\"elementor-heading-title elementor-size-default\">K\u00e1osz \u00e9s Harm\u00f3nia t\u00e1nca <\/h2>\t\t\t\t<\/div>\n\t\t\t\t<\/div>\n\t\t\t\t<div class=\"elementor-element elementor-element-e12ce10 elementor-widget elementor-widget-heading\" data-id=\"e12ce10\" data-element_type=\"widget\" data-widget_type=\"heading.default\">\n\t\t\t\t<div class=\"elementor-widget-container\">\n\t\t\t\t\t<h2 class=\"elementor-heading-title elementor-size-default\">Group exhibition <\/h2>\t\t\t\t<\/div>\n\t\t\t\t<\/div>\n\t\t\t\t<\/div>\n\t\t<div class=\"elementor-element elementor-element-4c0527e e-con-full e-flex e-con e-child\" data-id=\"4c0527e\" data-element_type=\"container\">\n\t\t\t\t<div class=\"elementor-element elementor-element-08fe56d elementor-widget elementor-widget-text-editor\" data-id=\"08fe56d\" data-element_type=\"widget\" data-widget_type=\"text-editor.default\">\n\t\t\t\t<div class=\"elementor-widget-container\">\n\t\t\t\t\t\t\t\t\t<p>Id\u0151pont: 2026 03.12.- 2026.04.10- ig<\/p><p>&#8211; Helysz\u00edn: Passata &#8211; 1056. V\u00e1ci utca 5.\u00a0<\/p><p><a href=\"https:\/\/www.facebook.com\/share\/1DVQH49ukr\/?mibextid=wwXIfr\">https:\/\/www.facebook.com\/share\/1DVQH49ukr\/?mibextid=wwXIfr<\/a><\/p>\t\t\t\t\t\t\t\t<\/div>\n\t\t\t\t<\/div>\n\t\t\t\t<\/div>\n\t\t\t\t<\/div>\n\t\t<div class=\"elementor-element elementor-element-ca85d22 e-con-full e-flex e-con e-child\" data-id=\"ca85d22\" data-element_type=\"container\">\n\t\t\t\t<div class=\"elementor-element elementor-element-ed4b0ee elementor-widget elementor-widget-heading\" data-id=\"ed4b0ee\" data-element_type=\"widget\" data-widget_type=\"heading.default\">\n\t\t\t\t<div class=\"elementor-widget-container\">\n\t\t\t\t\t<h2 class=\"elementor-heading-title elementor-size-default\">Transit by flow<\/h2>\t\t\t\t<\/div>\n\t\t\t\t<\/div>\n\t\t\t\t<div class=\"elementor-element elementor-element-26f0f80 elementor-widget elementor-widget-heading\" data-id=\"26f0f80\" data-element_type=\"widget\" data-widget_type=\"heading.default\">\n\t\t\t\t<div class=\"elementor-widget-container\">\n\t\t\t\t\t<h2 class=\"elementor-heading-title elementor-size-default\">The geometricity of Art Deco and the glamour of Goldik<\/h2>\t\t\t\t<\/div>\n\t\t\t\t<\/div>\n\t\t\t\t<div class=\"elementor-element elementor-element-cc3b3ad elementor-widget elementor-widget-text-editor\" data-id=\"cc3b3ad\" data-element_type=\"widget\" data-widget_type=\"text-editor.default\">\n\t\t\t\t<div class=\"elementor-widget-container\">\n\t\t\t\t\t\t\t\t\t<p>Opening: 09.08.2025 (Saturday) 18:00\u00a0<\/p><p>Id\u0151pont: 2025.08.09.-2025.08.30-ig<\/p><p>Location: Tranzit by flow - 11th district, Bucharest road - Ul\u00e1szl\u00f3 street corner ( Kosztol\u00e1nyi Dezs\u0151 Square )<\/p><p>Facebook:<br \/>https:\/\/www.facebook.com\/p\/Tranzit-by-Flow-61578338009912\/<\/p>\t\t\t\t\t\t\t\t<\/div>\n\t\t\t\t<\/div>\n\t\t\t\t<\/div>\n\t\t\t\t\t<\/div>\n\t\t\t\t<\/div>\n\t\t<div class=\"elementor-element elementor-element-b6bf782 e-flex e-con-boxed e-con e-parent\" data-id=\"b6bf782\" data-element_type=\"container\">\n\t\t\t\t\t<div class=\"e-con-inner\">\n\t\t<div class=\"elementor-element elementor-element-a5b81ba e-con-full e-flex e-con e-child\" data-id=\"a5b81ba\" data-element_type=\"container\">\n\t\t<div class=\"elementor-element elementor-element-70dc4cf e-con-full e-flex e-con e-child\" data-id=\"70dc4cf\" data-element_type=\"container\">\n\t\t\t\t<div class=\"elementor-element elementor-element-4f289f2 elementor-widget elementor-widget-heading\" data-id=\"4f289f2\" data-element_type=\"widget\" data-widget_type=\"heading.default\">\n\t\t\t\t<div class=\"elementor-widget-container\">\n\t\t\t\t\t<h2 class=\"elementor-heading-title elementor-size-default\">Optika Gallery<\/h2>\t\t\t\t<\/div>\n\t\t\t\t<\/div>\n\t\t\t\t<div class=\"elementor-element elementor-element-153afc8 elementor-widget elementor-widget-heading\" data-id=\"153afc8\" data-element_type=\"widget\" data-widget_type=\"heading.default\">\n\t\t\t\t<div class=\"elementor-widget-container\">\n\t\t\t\t\t<h2 class=\"elementor-heading-title elementor-size-default\">Solo exhibition <\/h2>\t\t\t\t<\/div>\n\t\t\t\t<\/div>\n\t\t\t\t<\/div>\n\t\t<div class=\"elementor-element elementor-element-d8a959e e-con-full e-flex e-con e-child\" data-id=\"d8a959e\" data-element_type=\"container\">\n\t\t\t\t<div class=\"elementor-element elementor-element-5b09a62 elementor-widget elementor-widget-text-editor\" data-id=\"5b09a62\" data-element_type=\"widget\" data-widget_type=\"text-editor.default\">\n\t\t\t\t<div class=\"elementor-widget-container\">\n\t\t\t\t\t\t\t\t\t<p>Megnyit\u00f3: 2025.05.09. 17:00<\/p><p>Date: 09.05.2025 - 30.06.2025<\/p><p><span style=\"text-decoration: underline;\"><strong>Extended until 31\/07 due to high interest!<\/strong><\/span><\/p><p>Location: 1111. Budapest, Bart\u00f3k B\u00e9la u. 22.<\/p><p>Facebook:<br \/>https:\/\/www.facebook.com\/optikagaleria?locale=hu_HU<\/p><p>Website:<br \/>https:\/\/galeriaoptika.hu\/<\/p>\t\t\t\t\t\t\t\t<\/div>\n\t\t\t\t<\/div>\n\t\t\t\t<\/div>\n\t\t\t\t<\/div>\n\t\t<div class=\"elementor-element elementor-element-95826f2 e-con-full e-flex e-con e-child\" data-id=\"95826f2\" data-element_type=\"container\">\n\t\t\t\t<div class=\"elementor-element elementor-element-d09d72d elementor-widget elementor-widget-heading\" data-id=\"d09d72d\" data-element_type=\"widget\" data-widget_type=\"heading.default\">\n\t\t\t\t<div class=\"elementor-widget-container\">\n\t\t\t\t\t<h2 class=\"elementor-heading-title elementor-size-default\">Art en Libert\u00e9 Show &amp; Plein Air Festival<\/h2>\t\t\t\t<\/div>\n\t\t\t\t<\/div>\n\t\t\t\t<div class=\"elementor-element elementor-element-d730e5c elementor-widget elementor-widget-heading\" data-id=\"d730e5c\" data-element_type=\"widget\" data-widget_type=\"heading.default\">\n\t\t\t\t<div class=\"elementor-widget-container\">\n\t\t\t\t\t<h2 class=\"elementor-heading-title elementor-size-default\">Group exhibition <\/h2>\t\t\t\t<\/div>\n\t\t\t\t<\/div>\n\t\t\t\t<div class=\"elementor-element elementor-element-78c2db0 elementor-widget elementor-widget-text-editor\" data-id=\"78c2db0\" data-element_type=\"widget\" data-widget_type=\"text-editor.default\">\n\t\t\t\t<div class=\"elementor-widget-container\">\n\t\t\t\t\t\t\t\t\t<p>Id\u0151pont: 2024.10.04-10.18-ig<\/p><p>Location: Moussoulens, France<\/p>\t\t\t\t\t\t\t\t<\/div>\n\t\t\t\t<\/div>\n\t\t\t\t<\/div>\n\t\t\t\t\t<\/div>\n\t\t\t\t<\/div>\n\t\t<div class=\"elementor-element elementor-element-13f23a2 e-flex e-con-boxed e-con e-parent\" data-id=\"13f23a2\" data-element_type=\"container\">\n\t\t\t\t\t<div class=\"e-con-inner\">\n\t\t<div class=\"elementor-element elementor-element-aad45c7 e-con-full e-flex e-con e-child\" data-id=\"aad45c7\" data-element_type=\"container\">\n\t\t<div class=\"elementor-element elementor-element-5a8b6a9 e-con-full e-flex e-con e-child\" data-id=\"5a8b6a9\" data-element_type=\"container\">\n\t\t\t\t<div class=\"elementor-element elementor-element-d9646e5 elementor-widget elementor-widget-heading\" data-id=\"d9646e5\" data-element_type=\"widget\" data-widget_type=\"heading.default\">\n\t\t\t\t<div class=\"elementor-widget-container\">\n\t\t\t\t\t<h2 class=\"elementor-heading-title elementor-size-default\">\"K\u00f6sz\u00f6n\u00f6m, j\u00f3l vagyok\" <br>- Chili Cultural Centre<\/h2>\t\t\t\t<\/div>\n\t\t\t\t<\/div>\n\t\t\t\t<div class=\"elementor-element elementor-element-02dedd4 elementor-widget elementor-widget-heading\" data-id=\"02dedd4\" data-element_type=\"widget\" data-widget_type=\"heading.default\">\n\t\t\t\t<div class=\"elementor-widget-container\">\n\t\t\t\t\t<h2 class=\"elementor-heading-title elementor-size-default\">Solo exhibition<\/h2>\t\t\t\t<\/div>\n\t\t\t\t<\/div>\n\t\t\t\t<\/div>\n\t\t<div class=\"elementor-element elementor-element-94d91e2 e-con-full e-flex e-con e-child\" data-id=\"94d91e2\" data-element_type=\"container\">\n\t\t\t\t<div class=\"elementor-element elementor-element-c8132f0 elementor-widget elementor-widget-text-editor\" data-id=\"c8132f0\" data-element_type=\"widget\" data-widget_type=\"text-editor.default\">\n\t\t\t\t<div class=\"elementor-widget-container\">\n\t\t\t\t\t\t\t\t\t<p>Megnyit\u00f3: 2025.02.06. 18:00<\/p><p>Id\u0151pont: 2025. 02.06.- 03.25- ig<br \/>Location: 1201. Budapest, Nagy Gy\u0151ri Istv\u00e1n u. 4-6.<br \/><span style=\"text-align: var(--text-align); font-size: 1rem;\">\u00a0<\/span><br \/><a href=\"https:\/\/www.csili.hu\/\">https:\/\/www.csili.hu\/<\/a><\/p>\t\t\t\t\t\t\t\t<\/div>\n\t\t\t\t<\/div>\n\t\t\t\t<\/div>\n\t\t\t\t<\/div>\n\t\t<div class=\"elementor-element elementor-element-9dc2d89 e-con-full e-flex e-con e-child\" data-id=\"9dc2d89\" data-element_type=\"container\">\n\t\t\t\t<div class=\"elementor-element elementor-element-35af29d elementor-widget elementor-widget-heading\" data-id=\"35af29d\" data-element_type=\"widget\" data-widget_type=\"heading.default\">\n\t\t\t\t<div class=\"elementor-widget-container\">\n\t\t\t\t\t<h2 class=\"elementor-heading-title elementor-size-default\">Community House of Transylvanian Hungarians<\/h2>\t\t\t\t<\/div>\n\t\t\t\t<\/div>\n\t\t<div class=\"elementor-element elementor-element-364529a e-con-full e-flex e-con e-child\" data-id=\"364529a\" data-element_type=\"container\">\n\t\t\t\t<div class=\"elementor-element elementor-element-408b871 elementor-widget elementor-widget-text-editor\" data-id=\"408b871\" data-element_type=\"widget\" data-widget_type=\"text-editor.default\">\n\t\t\t\t<div class=\"elementor-widget-container\">\n\t\t\t\t\t\t\t\t\t<p>Egy\u00e9ni \u00a0ki\u00e1ll\u00edt\u00e1s\u00a0<br \/>Art evening with an exhibition of paintings and poetry by Zsuzsanna Balogh K.<\/p><p>\u00a0<\/p><p>Speakers: Julianna G\u00e9mes Kov\u00e1cs and Andrea Pozs\u00e1r.<\/p><p>Megnyit\u00f3: 2024.09. 29. 18:00<br \/>Id\u0151pont: 2024.09.30-10. 30-ig. \u2028<\/p><p>Location: Community House of Transylvanian Hungarians 1056. Budapest, Moln\u00e1r u. 5.<\/p><p>Website: https:\/\/www.erdelyime.org\/index.php<br \/>Facebook oldal: https:\/\/www.facebook.com\/p\/Erd%C3%A9lyi-Magyarok-Egyes%C3%BClete-100064793646152\/?locale=hu_<\/p>\t\t\t\t\t\t\t\t<\/div>\n\t\t\t\t<\/div>\n\t\t\t\t<\/div>\n\t\t\t\t<\/div>\n\t\t\t\t\t<\/div>\n\t\t\t\t<\/div>\n\t\t<div class=\"elementor-element elementor-element-d58fabc e-flex e-con-boxed e-con e-parent\" data-id=\"d58fabc\" data-element_type=\"container\">\n\t\t\t\t\t<div class=\"e-con-inner\">\n\t\t<div class=\"elementor-element elementor-element-b14e7e3 e-con-full e-flex e-con e-child\" data-id=\"b14e7e3\" data-element_type=\"container\">\n\t\t<div class=\"elementor-element elementor-element-2c85e55 e-con-full e-flex e-con e-child\" data-id=\"2c85e55\" data-element_type=\"container\">\n\t\t\t\t<div class=\"elementor-element elementor-element-9ac4a40 elementor-widget elementor-widget-heading\" data-id=\"9ac4a40\" data-element_type=\"widget\" data-widget_type=\"heading.default\">\n\t\t\t\t<div class=\"elementor-widget-container\">\n\t\t\t\t\t<h2 class=\"elementor-heading-title elementor-size-default\">No limit 2024<\/h2>\t\t\t\t<\/div>\n\t\t\t\t<\/div>\n\t\t\t\t<div class=\"elementor-element elementor-element-3929007 elementor-widget elementor-widget-heading\" data-id=\"3929007\" data-element_type=\"widget\" data-widget_type=\"heading.default\">\n\t\t\t\t<div class=\"elementor-widget-container\">\n\t\t\t\t\t<h2 class=\"elementor-heading-title elementor-size-default\">Group exhibition <\/h2>\t\t\t\t<\/div>\n\t\t\t\t<\/div>\n\t\t\t\t<\/div>\n\t\t<div class=\"elementor-element elementor-element-e1ff8ea e-con-full e-flex e-con e-child\" data-id=\"e1ff8ea\" data-element_type=\"container\">\n\t\t\t\t<div class=\"elementor-element elementor-element-397e828 elementor-widget elementor-widget-text-editor\" data-id=\"397e828\" data-element_type=\"widget\" data-widget_type=\"text-editor.default\">\n\t\t\t\t<div class=\"elementor-widget-container\">\n\t\t\t\t\t\t\t\t\t<p>\u00a0<\/p><p>Megnyit\u00f3: 2024.10.04. 18:00<br \/>Id\u0151pont: 2024.10 01 \u2013 11.08-ig<\/p><p>Helysz\u00edn: \u2028Golden Duck gallery &amp;Art space<\/p><p>1092. Budapest, R\u00e1day u. 31b.<\/p>\t\t\t\t\t\t\t\t<\/div>\n\t\t\t\t<\/div>\n\t\t\t\t<\/div>\n\t\t\t\t<\/div>\n\t\t<div class=\"elementor-element elementor-element-0450bfd e-con-full e-flex e-con e-child\" data-id=\"0450bfd\" data-element_type=\"container\">\n\t\t\t\t<div class=\"elementor-element elementor-element-ffcada0 elementor-widget elementor-widget-heading\" data-id=\"ffcada0\" data-element_type=\"widget\" data-widget_type=\"heading.default\">\n\t\t\t\t<div class=\"elementor-widget-container\">\n\t\t\t\t\t<h2 class=\"elementor-heading-title elementor-size-default\">Chapiteau De L'Espace Fontvieille<\/h2>\t\t\t\t<\/div>\n\t\t\t\t<\/div>\n\t\t\t\t<div class=\"elementor-element elementor-element-fa4d2c0 elementor-widget elementor-widget-heading\" data-id=\"fa4d2c0\" data-element_type=\"widget\" data-widget_type=\"heading.default\">\n\t\t\t\t<div class=\"elementor-widget-container\">\n\t\t\t\t\t<h2 class=\"elementor-heading-title elementor-size-default\">Group exhibition <\/h2>\t\t\t\t<\/div>\n\t\t\t\t<\/div>\n\t\t<div class=\"elementor-element elementor-element-93933bc e-con-full e-flex e-con e-child\" data-id=\"93933bc\" data-element_type=\"container\">\n\t\t\t\t<div class=\"elementor-element elementor-element-398467a elementor-widget elementor-widget-text-editor\" data-id=\"398467a\" data-element_type=\"widget\" data-widget_type=\"text-editor.default\">\n\t\t\t\t<div class=\"elementor-widget-container\">\n\t\t\t\t\t\t\t\t\t<p>-Id\u0151pont: 2024.08.26- 09.05-ig\u2028<\/p><p>- Venue: Chapiteau de Fontvieille 5 Avenue des Ligures 98000 Monaco<\/p>\t\t\t\t\t\t\t\t<\/div>\n\t\t\t\t<\/div>\n\t\t\t\t<\/div>\n\t\t\t\t<\/div>\n\t\t\t\t\t<\/div>\n\t\t\t\t<\/div>\n\t\t<div class=\"elementor-element elementor-element-070cd5d e-flex e-con-boxed e-con e-parent\" data-id=\"070cd5d\" data-element_type=\"container\">\n\t\t\t\t\t<div class=\"e-con-inner\">\n\t\t<div class=\"elementor-element elementor-element-8cc3a16 e-con-full e-flex e-con e-child\" data-id=\"8cc3a16\" data-element_type=\"container\">\n\t\t<div class=\"elementor-element elementor-element-fd71ef0 e-con-full e-flex e-con e-child\" data-id=\"fd71ef0\" data-element_type=\"container\">\n\t\t\t\t<div class=\"elementor-element elementor-element-c7f8a14 elementor-widget elementor-widget-heading\" data-id=\"c7f8a14\" data-element_type=\"widget\" data-widget_type=\"heading.default\">\n\t\t\t\t<div class=\"elementor-widget-container\">\n\t\t\t\t\t<h2 class=\"elementor-heading-title elementor-size-default\">Traveller\u2019s Art Fair<\/h2>\t\t\t\t<\/div>\n\t\t\t\t<\/div>\n\t\t\t\t<div class=\"elementor-element elementor-element-ec1e7e3 elementor-widget elementor-widget-heading\" data-id=\"ec1e7e3\" data-element_type=\"widget\" data-widget_type=\"heading.default\">\n\t\t\t\t<div class=\"elementor-widget-container\">\n\t\t\t\t\t<h2 class=\"elementor-heading-title elementor-size-default\">Group exhibition <\/h2>\t\t\t\t<\/div>\n\t\t\t\t<\/div>\n\t\t\t\t<\/div>\n\t\t<div class=\"elementor-element elementor-element-d3526c6 e-con-full e-flex e-con e-child\" data-id=\"d3526c6\" data-element_type=\"container\">\n\t\t\t\t<div class=\"elementor-element elementor-element-dc47e3e elementor-widget elementor-widget-text-editor\" data-id=\"dc47e3e\" data-element_type=\"widget\" data-widget_type=\"text-editor.default\">\n\t\t\t\t<div class=\"elementor-widget-container\">\n\t\t\t\t\t\t\t\t\t<p>No Limits 2024.<\/p>\n<p>Id\u0151pont: 2024.08.02-08.30 -ig<\/p>\n<p>Helysz\u00edn: \u2028Golden Duck gallery &amp;Art space&nbsp;<\/p><p>1092. Budapest, R\u00e1day u. 31b.<\/p>\t\t\t\t\t\t\t\t<\/div>\n\t\t\t\t<\/div>\n\t\t\t\t<\/div>\n\t\t\t\t<\/div>\n\t\t\t\t\t<\/div>\n\t\t\t\t<\/div>\n\t\t<div class=\"elementor-element elementor-element-b19b6c3 e-flex e-con-boxed e-con e-parent\" data-id=\"b19b6c3\" data-element_type=\"container\">\n\t\t\t\t\t<div class=\"e-con-inner\">\n\t\t<div class=\"elementor-element elementor-element-d94e159 e-con-full e-flex e-con e-child\" data-id=\"d94e159\" data-element_type=\"container\">\n\t\t<div class=\"elementor-element elementor-element-0dfa4ea e-con-full e-flex e-con e-child\" data-id=\"0dfa4ea\" data-element_type=\"container\">\n\t\t\t\t<div class=\"elementor-element elementor-element-32c4e3c elementor-widget elementor-widget-heading\" data-id=\"32c4e3c\" data-element_type=\"widget\" data-widget_type=\"heading.default\">\n\t\t\t\t<div class=\"elementor-widget-container\">\n\t\t\t\t\t<h2 class=\"elementor-heading-title elementor-size-default\">Flame Cultural\nCentre<\/h2>\t\t\t\t<\/div>\n\t\t\t\t<\/div>\n\t\t\t\t<\/div>\n\t\t<div class=\"elementor-element elementor-element-96902d5 e-con-full e-flex e-con e-child\" data-id=\"96902d5\" data-element_type=\"container\">\n\t\t\t\t<div class=\"elementor-element elementor-element-2c33ac9 elementor-widget elementor-widget-heading\" data-id=\"2c33ac9\" data-element_type=\"widget\" data-widget_type=\"heading.default\">\n\t\t\t\t<div class=\"elementor-widget-container\">\n\t\t\t\t\t<h2 class=\"elementor-heading-title elementor-size-default\">Solo exhibition <\/h2>\t\t\t\t<\/div>\n\t\t\t\t<\/div>\n\t\t\t\t<div class=\"elementor-element elementor-element-b140702 elementor-widget elementor-widget-text-editor\" data-id=\"b140702\" data-element_type=\"widget\" data-widget_type=\"text-editor.default\">\n\t\t\t\t<div class=\"elementor-widget-container\">\n\t\t\t\t\t\t\t\t\t<p>Date: 26.09.2023 - 05.11.2024<br \/>( Extended by two weeks due to high interest. )<br \/><br \/>- Location: 1139. Budapest, Rozsnyay utca 3.\u00a0<br \/><br \/>https:\/\/lmk.hu<\/p>\t\t\t\t\t\t\t\t<\/div>\n\t\t\t\t<\/div>\n\t\t\t\t<\/div>\n\t\t\t\t<\/div>\n\t\t\t\t\t<\/div>\n\t\t\t\t<\/div>\n\t\t<div class=\"elementor-element elementor-element-da7cd4f e-flex e-con-boxed e-con e-parent\" data-id=\"da7cd4f\" data-element_type=\"container\">\n\t\t\t\t\t<div class=\"e-con-inner\">\n\t\t\t\t\t<\/div>\n\t\t\t\t<\/div>\n\t\t<div class=\"elementor-element elementor-element-361764c e-flex e-con-boxed e-con e-parent\" data-id=\"361764c\" data-element_type=\"container\">\n\t\t\t\t\t<div class=\"e-con-inner\">\n\t\t\t\t<div class=\"elementor-element elementor-element-497c184 elementor-widget elementor-widget-image\" data-id=\"497c184\" data-element_type=\"widget\" data-widget_type=\"image.default\">\n\t\t\t\t<div class=\"elementor-widget-container\">\n\t\t\t\t\t\t\t\t\t\t\t\t\t\t\t<img fetchpriority=\"high\" decoding=\"async\" width=\"800\" height=\"534\" src=\"https:\/\/suzyartgallery.com\/wp-content\/uploads\/2026\/03\/9BF32024-217D-42F9-94A5-266A2F28E798-1024x683.png\" class=\"attachment-large size-large wp-image-3140\" alt=\"\" srcset=\"https:\/\/suzyartgallery.com\/wp-content\/uploads\/2026\/03\/9BF32024-217D-42F9-94A5-266A2F28E798-1024x683.png 1024w, https:\/\/suzyartgallery.com\/wp-content\/uploads\/2026\/03\/9BF32024-217D-42F9-94A5-266A2F28E798-300x200.png 300w, https:\/\/suzyartgallery.com\/wp-content\/uploads\/2026\/03\/9BF32024-217D-42F9-94A5-266A2F28E798-768x512.png 768w, https:\/\/suzyartgallery.com\/wp-content\/uploads\/2026\/03\/9BF32024-217D-42F9-94A5-266A2F28E798-18x12.png 18w, https:\/\/suzyartgallery.com\/wp-content\/uploads\/2026\/03\/9BF32024-217D-42F9-94A5-266A2F28E798-600x400.png 600w, https:\/\/suzyartgallery.com\/wp-content\/uploads\/2026\/03\/9BF32024-217D-42F9-94A5-266A2F28E798.png 1536w\" sizes=\"(max-width: 800px) 100vw, 800px\" \/>\t\t\t\t\t\t\t\t\t\t\t\t\t\t\t<\/div>\n\t\t\t\t<\/div>\n\t\t\t\t\t<\/div>\n\t\t\t\t<\/div>\n\t\t\t\t<\/div>","protected":false},"excerpt":{"rendered":"<p>Restart Spring Csoportos ki\u00e1ll\u00edt\u00e1s Megnyit\u00f3: 2026.04.10-\u00e9n 18:00 Id\u0151pont: 2026.03.31- 2026.04.25- ig Helysz\u00edn: \u2028Golden Duck gallery &amp; Art space 1092. Budapest, R\u00e1day u. 31b. K\u00e1osz \u00e9s Harm\u00f3nia t\u00e1nca Csoportos ki\u00e1ll\u00edt\u00e1s Id\u0151pont: 2026 03.12.- 2026.04.10- ig &#8211; Helysz\u00edn: Passata &#8211; 1056. V\u00e1ci utca 5.\u00a0 https:\/\/www.facebook.com\/share\/1DVQH49ukr\/?mibextid=wwXIfr Tranzit by flow Az Art Deco geometrikuss\u00e1ga \u00e9s a Goldik ragyog\u00e1sa Megnyit\u00f3: [&hellip;]<\/p>","protected":false},"author":1,"featured_media":0,"parent":0,"menu_order":0,"comment_status":"closed","ping_status":"closed","template":"elementor_header_footer","meta":{"_seopress_robots_primary_cat":"","_seopress_titles_title":"","_seopress_titles_desc":"","_seopress_robots_index":"","footnotes":""},"class_list":["post-183","page","type-page","status-publish","hentry"],"_links":{"self":[{"href":"https:\/\/suzyartgallery.com\/en\/wp-json\/wp\/v2\/pages\/183","targetHints":{"allow":["GET"]}}],"collection":[{"href":"https:\/\/suzyartgallery.com\/en\/wp-json\/wp\/v2\/pages"}],"about":[{"href":"https:\/\/suzyartgallery.com\/en\/wp-json\/wp\/v2\/types\/page"}],"author":[{"embeddable":true,"href":"https:\/\/suzyartgallery.com\/en\/wp-json\/wp\/v2\/users\/1"}],"replies":[{"embeddable":true,"href":"https:\/\/suzyartgallery.com\/en\/wp-json\/wp\/v2\/comments?post=183"}],"version-history":[{"count":169,"href":"https:\/\/suzyartgallery.com\/en\/wp-json\/wp\/v2\/pages\/183\/revisions"}],"predecessor-version":[{"id":3346,"href":"https:\/\/suzyartgallery.com\/en\/wp-json\/wp\/v2\/pages\/183\/revisions\/3346"}],"wp:attachment":[{"href":"https:\/\/suzyartgallery.com\/en\/wp-json\/wp\/v2\/media?parent=183"}],"curies":[{"name":"wp","href":"https:\/\/api.w.org\/{rel}","templated":true}]}}