{"id":137,"date":"2024-07-29T12:52:06","date_gmt":"2024-07-29T12:52:06","guid":{"rendered":"https:\/\/suzyartgallery.com\/?page_id=137"},"modified":"2026-04-08T12:43:02","modified_gmt":"2026-04-08T12:43:02","slug":"blog","status":"publish","type":"page","link":"https:\/\/suzyartgallery.com\/en\/blog\/","title":{"rendered":"blog"},"content":{"rendered":"<div data-elementor-type=\"wp-page\" data-elementor-id=\"137\" class=\"elementor elementor-137\" data-elementor-post-type=\"page\">\n\t\t\t\t<div class=\"elementor-element elementor-element-6436601 e-flex e-con-boxed e-con e-parent\" data-id=\"6436601\" data-element_type=\"container\">\n\t\t\t\t\t<div class=\"e-con-inner\">\n\t\t\t\t<div class=\"elementor-element elementor-element-8940c5a elementor-widget elementor-widget-image\" data-id=\"8940c5a\" data-element_type=\"widget\" data-widget_type=\"image.default\">\n\t\t\t\t<div class=\"elementor-widget-container\">\n\t\t\t\t\t\t\t\t\t\t\t\t\t\t\t<img fetchpriority=\"high\" decoding=\"async\" width=\"800\" height=\"800\" src=\"https:\/\/suzyartgallery.com\/wp-content\/uploads\/2025\/06\/494860937_580542541760605_1916003658994658817_n-1024x1024.jpg\" class=\"attachment-large size-large wp-image-2347\" alt=\"\" srcset=\"https:\/\/suzyartgallery.com\/wp-content\/uploads\/2025\/06\/494860937_580542541760605_1916003658994658817_n-1024x1024.jpg 1024w, https:\/\/suzyartgallery.com\/wp-content\/uploads\/2025\/06\/494860937_580542541760605_1916003658994658817_n-300x300.jpg 300w, https:\/\/suzyartgallery.com\/wp-content\/uploads\/2025\/06\/494860937_580542541760605_1916003658994658817_n-150x150.jpg 150w, https:\/\/suzyartgallery.com\/wp-content\/uploads\/2025\/06\/494860937_580542541760605_1916003658994658817_n-768x768.jpg 768w, https:\/\/suzyartgallery.com\/wp-content\/uploads\/2025\/06\/494860937_580542541760605_1916003658994658817_n-1536x1536.jpg 1536w, https:\/\/suzyartgallery.com\/wp-content\/uploads\/2025\/06\/494860937_580542541760605_1916003658994658817_n-12x12.jpg 12w, https:\/\/suzyartgallery.com\/wp-content\/uploads\/2025\/06\/494860937_580542541760605_1916003658994658817_n-600x600.jpg 600w, https:\/\/suzyartgallery.com\/wp-content\/uploads\/2025\/06\/494860937_580542541760605_1916003658994658817_n-100x100.jpg 100w, https:\/\/suzyartgallery.com\/wp-content\/uploads\/2025\/06\/494860937_580542541760605_1916003658994658817_n.jpg 2048w\" sizes=\"(max-width: 800px) 100vw, 800px\" \/>\t\t\t\t\t\t\t\t\t\t\t\t\t\t\t<\/div>\n\t\t\t\t<\/div>\n\t\t\t\t\t<\/div>\n\t\t\t\t<\/div>\n\t\t<div class=\"elementor-element elementor-element-738707a e-flex e-con-boxed e-con e-parent\" data-id=\"738707a\" data-element_type=\"container\">\n\t\t\t\t\t<div class=\"e-con-inner\">\n\t\t\t\t<div class=\"elementor-element elementor-element-24c127e elementor-posts--align-center elementor-posts--thumbnail-none elementor-grid-3 elementor-grid-tablet-2 elementor-grid-mobile-1 elementor-widget elementor-widget-posts\" data-id=\"24c127e\" data-element_type=\"widget\" data-settings=\"{&quot;classic_row_gap&quot;:{&quot;unit&quot;:&quot;px&quot;,&quot;size&quot;:90,&quot;sizes&quot;:[]},&quot;classic_columns&quot;:&quot;3&quot;,&quot;classic_columns_tablet&quot;:&quot;2&quot;,&quot;classic_columns_mobile&quot;:&quot;1&quot;,&quot;classic_row_gap_tablet&quot;:{&quot;unit&quot;:&quot;px&quot;,&quot;size&quot;:&quot;&quot;,&quot;sizes&quot;:[]},&quot;classic_row_gap_mobile&quot;:{&quot;unit&quot;:&quot;px&quot;,&quot;size&quot;:&quot;&quot;,&quot;sizes&quot;:[]}}\" data-widget_type=\"posts.classic\">\n\t\t\t\t<div class=\"elementor-widget-container\">\n\t\t\t\t\t\t\t<div class=\"elementor-posts-container elementor-posts elementor-posts--skin-classic elementor-grid\" role=\"list\">\n\t\t\t\t<article class=\"elementor-post elementor-grid-item post-3324 post type-post status-publish format-standard hentry category-uncategorized\" role=\"listitem\">\n\t\t\t\t<div class=\"elementor-post__text\">\n\t\t\t\t<h3 class=\"elementor-post__title\">\n\t\t\t<a href=\"https:\/\/suzyartgallery.com\/en\/novart-magazin-muveszbemutato-interju\/\" >\n\t\t\t\tNovArt magazin M\u0170V\u00c9SZBEMUTAT\u00d3 interj\u00fa\t\t\t<\/a>\n\t\t<\/h3>\n\t\t\t\t<div class=\"elementor-post__meta-data\">\n\t\t\t\t\t<span class=\"elementor-post-date\">\n\t\t\tApril 8, 2026\t\t<\/span>\n\t\t\t\t<span class=\"elementor-post-avatar\">\n\t\t\tNo Comments\t\t<\/span>\n\t\t\t\t<\/div>\n\t\t\t\t<div class=\"elementor-post__excerpt\">\n\t\t\t<p>A m\u0171v\u00e9szet nem a nagy meg\u00e9rkez\u00e9sekr\u0151l sz\u00f3l, ink\u00e1bb egy \u00e9lethosszig tart\u00f3 utaz\u00e1s, felfedez\u00e9s, r\u00e1csod\u00e1lkoz\u00e1s a vil\u00e1gra. Mai vend\u00e9gem, Kondor Balogh Zsuzsanna, olyan alkot\u00f3, aki b\u00e1tran<\/p>\n\t\t<\/div>\n\t\t\n\t\t<a class=\"elementor-post__read-more\" href=\"https:\/\/suzyartgallery.com\/en\/novart-magazin-muveszbemutato-interju\/\" aria-label=\"Read more about NovArt magazin M\u0170V\u00c9SZBEMUTAT\u00d3 interj\u00fa\" tabindex=\"-1\" >\n\t\t\tRead more \"\t\t<\/a>\n\n\t\t\t\t<\/div>\n\t\t\t\t<\/article>\n\t\t\t\t<article class=\"elementor-post elementor-grid-item post-3288 post type-post status-publish format-standard hentry category-uncategorized\" role=\"listitem\">\n\t\t\t\t<div class=\"elementor-post__text\">\n\t\t\t\t<h3 class=\"elementor-post__title\">\n\t\t\t<a href=\"https:\/\/suzyartgallery.com\/en\/mi-az-a-goldi-festmeny-egyedi-stilus-es-luxus-egyben\/\" >\n\t\t\t\tMi az a \u201eGoldi&#8221; festm\u00e9ny? \u2013 Egyedi st\u00edlus \u00e9s luxus egyben\t\t\t<\/a>\n\t\t<\/h3>\n\t\t\t\t<div class=\"elementor-post__meta-data\">\n\t\t\t\t\t<span class=\"elementor-post-date\">\n\t\t\tApril 1, 2026\t\t<\/span>\n\t\t\t\t<span class=\"elementor-post-avatar\">\n\t\t\t1 Comment\t\t<\/span>\n\t\t\t\t<\/div>\n\t\t\t\t<div class=\"elementor-post__excerpt\">\n\t\t\t<p>A \u201eGoldik&#8221; a Suzy Art Gallery saj\u00e1t, k\u00fcl\u00f6nleges festm\u00e9ny kollekci\u00f3ja, amely az arany \u00e9s a modern m\u0171v\u00e9szet tal\u00e1lkoz\u00e1s\u00e1b\u00f3l sz\u00fcletett. Ezek a festm\u00e9nyek lehetnek: portr\u00e9k absztrakt<\/p>\n\t\t<\/div>\n\t\t\n\t\t<a class=\"elementor-post__read-more\" href=\"https:\/\/suzyartgallery.com\/en\/mi-az-a-goldi-festmeny-egyedi-stilus-es-luxus-egyben\/\" aria-label=\"Read more about Mi az a \u201eGoldi&#8221; festm\u00e9ny? \u2013 Egyedi st\u00edlus \u00e9s luxus egyben\" tabindex=\"-1\" >\n\t\t\tRead more \"\t\t<\/a>\n\n\t\t\t\t<\/div>\n\t\t\t\t<\/article>\n\t\t\t\t<article class=\"elementor-post elementor-grid-item post-3267 post type-post status-publish format-standard hentry category-uncategorized\" role=\"listitem\">\n\t\t\t\t<div class=\"elementor-post__text\">\n\t\t\t\t<h3 class=\"elementor-post__title\">\n\t\t\t<a href=\"https:\/\/suzyartgallery.com\/en\/modern-arany-festmenyek-budapest-miert-ennyire-nepszeruek\/\" >\n\t\t\t\tModern arany festm\u00e9nyek Budapest \u2013 mi\u00e9rt ennyire n\u00e9pszer\u0171ek?\t\t\t<\/a>\n\t\t<\/h3>\n\t\t\t\t<div class=\"elementor-post__meta-data\">\n\t\t\t\t\t<span class=\"elementor-post-date\">\n\t\t\tApril 1, 2026\t\t<\/span>\n\t\t\t\t<span class=\"elementor-post-avatar\">\n\t\t\tNo Comments\t\t<\/span>\n\t\t\t\t<\/div>\n\t\t\t\t<div class=\"elementor-post__excerpt\">\n\t\t\t<p>Az ut\u00f3bbi \u00e9vekben egyre t\u00f6bben keresnek modern arany festm\u00e9nyeket Budapesten, \u00e9s ennek j\u00f3 oka van. Az arany nemcsak eleg\u00e1ns, hanem id\u0151t\u00e1ll\u00f3 is, \u00edgy hossz\u00fa t\u00e1von<\/p>\n\t\t<\/div>\n\t\t\n\t\t<a class=\"elementor-post__read-more\" href=\"https:\/\/suzyartgallery.com\/en\/modern-arany-festmenyek-budapest-miert-ennyire-nepszeruek\/\" aria-label=\"Read more about Modern arany festm\u00e9nyek Budapest \u2013 mi\u00e9rt ennyire n\u00e9pszer\u0171ek?\" tabindex=\"-1\" >\n\t\t\tRead more \"\t\t<\/a>\n\n\t\t\t\t<\/div>\n\t\t\t\t<\/article>\n\t\t\t\t<article class=\"elementor-post elementor-grid-item post-3260 post type-post status-publish format-standard hentry category-uncategorized\" role=\"listitem\">\n\t\t\t\t<div class=\"elementor-post__text\">\n\t\t\t\t<h3 class=\"elementor-post__title\">\n\t\t\t<a href=\"https:\/\/suzyartgallery.com\/en\/hogyan-valassz-festmenyt-a-nappalidba-modern-es-arany-festmenyek-utmutato\/\" >\n\t\t\t\tHogyan v\u00e1lassz festm\u00e9nyt a nappalidba? \u2013 Modern \u00e9s arany festm\u00e9nyek \u00fatmutat\u00f3\t\t\t<\/a>\n\t\t<\/h3>\n\t\t\t\t<div class=\"elementor-post__meta-data\">\n\t\t\t\t\t<span class=\"elementor-post-date\">\n\t\t\tMarch 31, 2026\t\t<\/span>\n\t\t\t\t<span class=\"elementor-post-avatar\">\n\t\t\tNo Comments\t\t<\/span>\n\t\t\t\t<\/div>\n\t\t\t\t<div class=\"elementor-post__excerpt\">\n\t\t\t<p>A megfelel\u0151 festm\u00e9ny kiv\u00e1laszt\u00e1sa teljesen meg tudja v\u00e1ltoztatni egy t\u00e9r hangulat\u00e1t. Egy j\u00f3l elhelyezett k\u00e9p nemcsak dekor\u00e1ci\u00f3, hanem az otthonod st\u00edlus\u00e1nak meghat\u00e1roz\u00f3 eleme is. Ha<\/p>\n\t\t<\/div>\n\t\t\n\t\t<a class=\"elementor-post__read-more\" href=\"https:\/\/suzyartgallery.com\/en\/hogyan-valassz-festmenyt-a-nappalidba-modern-es-arany-festmenyek-utmutato\/\" aria-label=\"Read more about Hogyan v\u00e1lassz festm\u00e9nyt a nappalidba? \u2013 Modern \u00e9s arany festm\u00e9nyek \u00fatmutat\u00f3\" tabindex=\"-1\" >\n\t\t\tRead more \"\t\t<\/a>\n\n\t\t\t\t<\/div>\n\t\t\t\t<\/article>\n\t\t\t\t<article class=\"elementor-post elementor-grid-item post-2111 post type-post status-publish format-standard has-post-thumbnail hentry category-uncategorized\" role=\"listitem\">\n\t\t\t\t<div class=\"elementor-post__text\">\n\t\t\t\t<h3 class=\"elementor-post__title\">\n\t\t\t<a href=\"https:\/\/suzyartgallery.com\/en\/milyen-festmenyek-illenek-kulonbozo-irodakba-es-szobakba\/\" >\n\t\t\t\tWhich paintings are suitable for different offices and rooms?\t\t\t<\/a>\n\t\t<\/h3>\n\t\t\t\t<div class=\"elementor-post__meta-data\">\n\t\t\t\t\t<span class=\"elementor-post-date\">\n\t\t\tMarch 27, 2025\t\t<\/span>\n\t\t\t\t<span class=\"elementor-post-avatar\">\n\t\t\t7 Comments\t\t<\/span>\n\t\t\t\t<\/div>\n\t\t\t\t<div class=\"elementor-post__excerpt\">\n\t\t\t<p>Choosing the right painting for a room is not only a matter of aesthetics, but can also affect mood, creativity and productivity. Here's an overview of how<\/p>\n\t\t<\/div>\n\t\t\n\t\t<a class=\"elementor-post__read-more\" href=\"https:\/\/suzyartgallery.com\/en\/milyen-festmenyek-illenek-kulonbozo-irodakba-es-szobakba\/\" aria-label=\"Read more about Milyen festm\u00e9nyek illenek k\u00fcl\u00f6nb\u00f6z\u0151 irod\u00e1kba \u00e9s szob\u00e1kba?\" tabindex=\"-1\" >\n\t\t\tRead more \"\t\t<\/a>\n\n\t\t\t\t<\/div>\n\t\t\t\t<\/article>\n\t\t\t\t<article class=\"elementor-post elementor-grid-item post-2104 post type-post status-publish format-standard has-post-thumbnail hentry category-uncategorized\" role=\"listitem\">\n\t\t\t\t<div class=\"elementor-post__text\">\n\t\t\t\t<h3 class=\"elementor-post__title\">\n\t\t\t<a href=\"https:\/\/suzyartgallery.com\/en\/milyen-festmenyek-milyen-hangulattal-tudjak-feltolteni-a-szobakat-irodakat\/\" >\n\t\t\t\tWhat kind of paintings can fill rooms and offices with atmosphere?\t\t\t<\/a>\n\t\t<\/h3>\n\t\t\t\t<div class=\"elementor-post__meta-data\">\n\t\t\t\t\t<span class=\"elementor-post-date\">\n\t\t\tMarch 27, 2025\t\t<\/span>\n\t\t\t\t<span class=\"elementor-post-avatar\">\n\t\t\tNo Comments\t\t<\/span>\n\t\t\t\t<\/div>\n\t\t\t\t<div class=\"elementor-post__excerpt\">\n\t\t\t<p>The impact of paintings on the atmosphere of a space Paintings are not only decorative elements, but also have a significant impact on the atmosphere of a room or office. The right colours and themes<\/p>\n\t\t<\/div>\n\t\t\n\t\t<a class=\"elementor-post__read-more\" href=\"https:\/\/suzyartgallery.com\/en\/milyen-festmenyek-milyen-hangulattal-tudjak-feltolteni-a-szobakat-irodakat\/\" aria-label=\"Read more about Milyen festm\u00e9nyek milyen hangulattal tudj\u00e1k felt\u00f6lteni a szob\u00e1kat, irod\u00e1kat?\" tabindex=\"-1\" >\n\t\t\tRead more \"\t\t<\/a>\n\n\t\t\t\t<\/div>\n\t\t\t\t<\/article>\n\t\t\t\t<\/div>\n\t\t\n\t\t\t\t\t\t<\/div>\n\t\t\t\t<\/div>\n\t\t\t\t\t<\/div>\n\t\t\t\t<\/div>\n\t\t\t\t<\/div>","protected":false},"excerpt":{"rendered":"","protected":false},"author":1,"featured_media":0,"parent":0,"menu_order":0,"comment_status":"closed","ping_status":"closed","template":"elementor_header_footer","meta":{"_seopress_robots_primary_cat":"","_seopress_titles_title":"Festm\u00e9ny blog %%sep%% %%sitetitle%%","_seopress_titles_desc":"Minden ami a m\u0171v\u00e9szeten bell\u00fcl a fest\u00e9sr\u0151l sz\u00f3l, milyen festm\u00e9nyt v\u00e1lasszunk, hogyan alkalmazzuk a technik\u00e1kat.","_seopress_robots_index":"","footnotes":""},"class_list":["post-137","page","type-page","status-publish","hentry"],"_links":{"self":[{"href":"https:\/\/suzyartgallery.com\/en\/wp-json\/wp\/v2\/pages\/137","targetHints":{"allow":["GET"]}}],"collection":[{"href":"https:\/\/suzyartgallery.com\/en\/wp-json\/wp\/v2\/pages"}],"about":[{"href":"https:\/\/suzyartgallery.com\/en\/wp-json\/wp\/v2\/types\/page"}],"author":[{"embeddable":true,"href":"https:\/\/suzyartgallery.com\/en\/wp-json\/wp\/v2\/users\/1"}],"replies":[{"embeddable":true,"href":"https:\/\/suzyartgallery.com\/en\/wp-json\/wp\/v2\/comments?post=137"}],"version-history":[{"count":31,"href":"https:\/\/suzyartgallery.com\/en\/wp-json\/wp\/v2\/pages\/137\/revisions"}],"predecessor-version":[{"id":3323,"href":"https:\/\/suzyartgallery.com\/en\/wp-json\/wp\/v2\/pages\/137\/revisions\/3323"}],"wp:attachment":[{"href":"https:\/\/suzyartgallery.com\/en\/wp-json\/wp\/v2\/media?parent=137"}],"curies":[{"name":"wp","href":"https:\/\/api.w.org\/{rel}","templated":true}]}}