{"id":134,"date":"2024-07-29T12:51:38","date_gmt":"2024-07-29T12:51:38","guid":{"rendered":"https:\/\/suzyartgallery.com\/?page_id=134"},"modified":"2026-01-31T15:06:46","modified_gmt":"2026-01-31T15:06:46","slug":"suzyartgallerycomimpressum","status":"publish","type":"page","link":"https:\/\/suzyartgallery.com\/en\/suzyartgallerycomimpressum\/","title":{"rendered":"About me"},"content":{"rendered":"<div data-elementor-type=\"wp-page\" data-elementor-id=\"134\" class=\"elementor elementor-134\" data-elementor-post-type=\"page\">\n\t\t\t\t<div class=\"elementor-element elementor-element-15ab00c e-flex e-con-boxed e-con e-parent\" data-id=\"15ab00c\" data-element_type=\"container\">\n\t\t\t\t\t<div class=\"e-con-inner\">\n\t\t\t\t<div class=\"elementor-element elementor-element-c13c1c4 elementor-widget elementor-widget-heading\" data-id=\"c13c1c4\" data-element_type=\"widget\" data-widget_type=\"heading.default\">\n\t\t\t\t<div class=\"elementor-widget-container\">\n\t\t\t\t\t<h2 class=\"elementor-heading-title elementor-size-default\">Get to know me!<\/h2>\t\t\t\t<\/div>\n\t\t\t\t<\/div>\n\t\t\t\t\t<\/div>\n\t\t\t\t<\/div>\n\t\t<div class=\"elementor-element elementor-element-6177b1d e-flex e-con-boxed e-con e-parent\" data-id=\"6177b1d\" data-element_type=\"container\" data-settings=\"{&quot;background_background&quot;:&quot;classic&quot;}\">\n\t\t\t\t\t<div class=\"e-con-inner\">\n\t\t<div class=\"elementor-element elementor-element-9826821 e-con-full e-flex e-con e-child\" data-id=\"9826821\" data-element_type=\"container\">\n\t\t\t\t<div class=\"elementor-element elementor-element-f29e5fb elementor-widget elementor-widget-text-editor\" data-id=\"f29e5fb\" data-element_type=\"widget\" data-widget_type=\"text-editor.default\">\n\t\t\t\t<div class=\"elementor-widget-container\">\n\t\t\t\t\t\t\t\t\t<p><span class=\"wysiwyg-font-size-small\"><strong>I am Zsuzsanna Balogh K.<\/strong><\/span><\/p><p><span class=\"wysiwyg-font-size-small\"> <br \/>As a passionate and creative painter, I seek - and create - a meeting of emotions, colours and harmony in my work. With my unique and exclusive paintings, my aim is to bring life and positive energy to the walls of your home. Whether it's elegant home jewellery or thought-provoking works with deeper meanings, there's a piece of me in every piece.<\/span><\/p>\t\t\t\t\t\t\t\t<\/div>\n\t\t\t\t<\/div>\n\t\t\t\t<\/div>\n\t\t\t\t<div class=\"elementor-element elementor-element-2cb6ee9 elementor-widget elementor-widget-image\" data-id=\"2cb6ee9\" data-element_type=\"widget\" data-widget_type=\"image.default\">\n\t\t\t\t<div class=\"elementor-widget-container\">\n\t\t\t\t\t\t\t\t\t\t\t\t\t\t\t<img fetchpriority=\"high\" decoding=\"async\" width=\"800\" height=\"800\" src=\"https:\/\/suzyartgallery.com\/wp-content\/uploads\/2026\/01\/IMG_4419-1-1024x1024.jpeg\" class=\"attachment-large size-large wp-image-2966\" alt=\"\" srcset=\"https:\/\/suzyartgallery.com\/wp-content\/uploads\/2026\/01\/IMG_4419-1-1024x1024.jpeg 1024w, https:\/\/suzyartgallery.com\/wp-content\/uploads\/2026\/01\/IMG_4419-1-300x300.jpeg 300w, https:\/\/suzyartgallery.com\/wp-content\/uploads\/2026\/01\/IMG_4419-1-150x150.jpeg 150w, https:\/\/suzyartgallery.com\/wp-content\/uploads\/2026\/01\/IMG_4419-1-768x768.jpeg 768w, https:\/\/suzyartgallery.com\/wp-content\/uploads\/2026\/01\/IMG_4419-1-12x12.jpeg 12w, https:\/\/suzyartgallery.com\/wp-content\/uploads\/2026\/01\/IMG_4419-1-600x600.jpeg 600w, https:\/\/suzyartgallery.com\/wp-content\/uploads\/2026\/01\/IMG_4419-1-100x100.jpeg 100w, https:\/\/suzyartgallery.com\/wp-content\/uploads\/2026\/01\/IMG_4419-1-50x50.jpeg 50w, https:\/\/suzyartgallery.com\/wp-content\/uploads\/2026\/01\/IMG_4419-1.jpeg 1081w\" sizes=\"(max-width: 800px) 100vw, 800px\" \/>\t\t\t\t\t\t\t\t\t\t\t\t\t\t\t<\/div>\n\t\t\t\t<\/div>\n\t\t\t\t\t<\/div>\n\t\t\t\t<\/div>\n\t\t<div class=\"elementor-element elementor-element-89457fb e-flex e-con-boxed e-con e-parent\" data-id=\"89457fb\" data-element_type=\"container\">\n\t\t\t\t\t<div class=\"e-con-inner\">\n\t\t<div class=\"elementor-element elementor-element-c518701 e-con-full e-flex e-con e-child\" data-id=\"c518701\" data-element_type=\"container\">\n\t\t\t\t<div class=\"elementor-element elementor-element-eba2c57 elementor-widget elementor-widget-text-editor\" data-id=\"eba2c57\" data-element_type=\"widget\" data-widget_type=\"text-editor.default\">\n\t\t\t\t<div class=\"elementor-widget-container\">\n\t\t\t\t\t\t\t\t\t<p>My paintings are often adorned with gold and bronze-effect details that exude timeless elegance and interior richness. My inspiration comes from the love of life, the beauty of the world around us and the depth of human feeling. My art is also a kind of philosophical mirror: <br \/>I want to show through my art that there is beauty in every day - you just have to see it.<\/p>\t\t\t\t\t\t\t\t<\/div>\n\t\t\t\t<\/div>\n\t\t\t\t<\/div>\n\t\t\t\t\t<\/div>\n\t\t\t\t<\/div>\n\t\t<div class=\"elementor-element elementor-element-2f74abc e-flex e-con-boxed e-con e-parent\" data-id=\"2f74abc\" data-element_type=\"container\" data-settings=\"{&quot;background_background&quot;:&quot;classic&quot;}\">\n\t\t\t\t\t<div class=\"e-con-inner\">\n\t\t<div class=\"elementor-element elementor-element-c53e705 e-con-full e-flex e-con e-child\" data-id=\"c53e705\" data-element_type=\"container\">\n\t\t\t\t<div class=\"elementor-element elementor-element-1ecbefe elementor-widget elementor-widget-text-editor\" data-id=\"1ecbefe\" data-element_type=\"widget\" data-widget_type=\"text-editor.default\">\n\t\t\t\t<div class=\"elementor-widget-container\">\n\t\t\t\t\t\t\t\t\t<p>This is the message I convey in my poems: life is short, and it is worth looking for the beautiful in every moment. We have to believe that beauty, harmony and emotion can give us the most strength - and that's what we take home when we get a painting.<\/p><p>\u00a0<\/p><p>I am happy to see that my paintings are becoming more and more widely recognised and collected not only in Hungary but also in many other countries. The international feedback confirms that art is indeed a language that transcends borders.<\/p>\t\t\t\t\t\t\t\t<\/div>\n\t\t\t\t<\/div>\n\t\t\t\t<\/div>\n\t\t\t\t<div class=\"elementor-element elementor-element-9fdf068 elementor-widget elementor-widget-image\" data-id=\"9fdf068\" data-element_type=\"widget\" data-widget_type=\"image.default\">\n\t\t\t\t<div class=\"elementor-widget-container\">\n\t\t\t\t\t\t\t\t\t\t\t\t\t\t\t<img decoding=\"async\" width=\"800\" height=\"800\" src=\"https:\/\/suzyartgallery.com\/wp-content\/uploads\/2025\/06\/494860937_580542541760605_1916003658994658817_n-1024x1024.jpg\" class=\"attachment-large size-large wp-image-2347\" alt=\"\" srcset=\"https:\/\/suzyartgallery.com\/wp-content\/uploads\/2025\/06\/494860937_580542541760605_1916003658994658817_n-1024x1024.jpg 1024w, https:\/\/suzyartgallery.com\/wp-content\/uploads\/2025\/06\/494860937_580542541760605_1916003658994658817_n-300x300.jpg 300w, https:\/\/suzyartgallery.com\/wp-content\/uploads\/2025\/06\/494860937_580542541760605_1916003658994658817_n-150x150.jpg 150w, https:\/\/suzyartgallery.com\/wp-content\/uploads\/2025\/06\/494860937_580542541760605_1916003658994658817_n-768x768.jpg 768w, https:\/\/suzyartgallery.com\/wp-content\/uploads\/2025\/06\/494860937_580542541760605_1916003658994658817_n-1536x1536.jpg 1536w, https:\/\/suzyartgallery.com\/wp-content\/uploads\/2025\/06\/494860937_580542541760605_1916003658994658817_n-12x12.jpg 12w, https:\/\/suzyartgallery.com\/wp-content\/uploads\/2025\/06\/494860937_580542541760605_1916003658994658817_n-600x600.jpg 600w, https:\/\/suzyartgallery.com\/wp-content\/uploads\/2025\/06\/494860937_580542541760605_1916003658994658817_n-100x100.jpg 100w, https:\/\/suzyartgallery.com\/wp-content\/uploads\/2025\/06\/494860937_580542541760605_1916003658994658817_n.jpg 2048w\" sizes=\"(max-width: 800px) 100vw, 800px\" \/>\t\t\t\t\t\t\t\t\t\t\t\t\t\t\t<\/div>\n\t\t\t\t<\/div>\n\t\t\t\t\t<\/div>\n\t\t\t\t<\/div>\n\t\t<div class=\"elementor-element elementor-element-0897dc4 e-flex e-con-boxed e-con e-parent\" data-id=\"0897dc4\" data-element_type=\"container\">\n\t\t\t\t\t<div class=\"e-con-inner\">\n\t\t<div class=\"elementor-element elementor-element-2a025e0 e-con-full e-flex e-con e-child\" data-id=\"2a025e0\" data-element_type=\"container\">\n\t\t\t\t<div class=\"elementor-element elementor-element-9df6397 elementor-widget elementor-widget-text-editor\" data-id=\"9df6397\" data-element_type=\"widget\" data-widget_type=\"text-editor.default\">\n\t\t\t\t<div class=\"elementor-widget-container\">\n\t\t\t\t\t\t\t\t\t<p>Art for me is freedom. <br \/>A space where I can unfold, where I can create new worlds through the play of colours, lights and shapes. With each of my paintings I want to give - not only emotions, but also a chance to others. That is why I donate a part of the value of the paintings I buy to charity, the beneficiary of which can be chosen by the buyer.<\/p>\t\t\t\t\t\t\t\t<\/div>\n\t\t\t\t<\/div>\n\t\t\t\t<\/div>\n\t\t\t\t\t<\/div>\n\t\t\t\t<\/div>\n\t\t<div class=\"elementor-element elementor-element-f07dfb4 e-flex e-con-boxed e-con e-parent\" data-id=\"f07dfb4\" data-element_type=\"container\" data-settings=\"{&quot;background_background&quot;:&quot;classic&quot;}\">\n\t\t\t\t\t<div class=\"e-con-inner\">\n\t\t<div class=\"elementor-element elementor-element-6fc232a e-con-full e-flex e-con e-child\" data-id=\"6fc232a\" data-element_type=\"container\">\n\t\t\t\t<div class=\"elementor-element elementor-element-ac51926 elementor-widget elementor-widget-text-editor\" data-id=\"ac51926\" data-element_type=\"widget\" data-widget_type=\"text-editor.default\">\n\t\t\t\t<div class=\"elementor-widget-container\">\n\t\t\t\t\t\t\t\t\t<p>My previous sales have supported the work of several charities - including<\/p>\t\t\t\t\t\t\t\t<\/div>\n\t\t\t\t<\/div>\n\t\t\t\t<div class=\"elementor-element elementor-element-0fd136c elementor-widget elementor-widget-text-editor\" data-id=\"0fd136c\" data-element_type=\"widget\" data-widget_type=\"text-editor.default\">\n\t\t\t\t<div class=\"elementor-widget-container\">\n\t\t\t\t\t\t\t\t\t<p>- World Federation of Hungarians<br \/>- Bethesda Children's Hospital Foundation<br \/>- Children's Leukaemia Foundation <br \/>- Hungarian Save the Children Foundation<br \/>- Cat Shelter Foundation<br \/>- Hungarian Clowns for the Sick Foundation <br \/>- Child Catering Foundation <br \/>- Cs\u00f6m\u00f6ri Animal Protection Organisation<\/p><p>- Wegera the comminator charity<br \/>- Ebrem\u00e9ny animal welfare association<\/p><p>- Fema Animal Welfare<\/p><p>- Patent Association<\/p><p>- Hungarian Hospice Foundation<\/p>\t\t\t\t\t\t\t\t<\/div>\n\t\t\t\t<\/div>\n\t\t\t\t<\/div>\n\t\t\t\t\t<\/div>\n\t\t\t\t<\/div>\n\t\t<div class=\"elementor-element elementor-element-225588d e-flex e-con-boxed e-con e-parent\" data-id=\"225588d\" data-element_type=\"container\">\n\t\t\t\t\t<div class=\"e-con-inner\">\n\t\t<div class=\"elementor-element elementor-element-ebdd47b e-con-full e-flex e-con e-child\" data-id=\"ebdd47b\" data-element_type=\"container\">\n\t\t\t\t<div class=\"elementor-element elementor-element-6314df5 elementor-widget elementor-widget-text-editor\" data-id=\"6314df5\" data-element_type=\"widget\" data-widget_type=\"text-editor.default\">\n\t\t\t\t<div class=\"elementor-widget-container\">\n\t\t\t\t\t\t\t\t\t<p>I believe that art can change worlds - not just souls, but destinies.<\/p>\t\t\t\t\t\t\t\t<\/div>\n\t\t\t\t<\/div>\n\t\t\t\t<\/div>\n\t\t\t\t\t<\/div>\n\t\t\t\t<\/div>\n\t\t\t\t<\/div>","protected":false},"excerpt":{"rendered":"<p>Ismerj meg! Balogh K. Zsuzsanna vagyok. Szenved\u00e9lyes \u00e9s kreat\u00edv fest\u0151m\u0171v\u00e9szk\u00e9nt alkot\u00e1saimban az \u00e9rzelmek, a sz\u00ednek \u00e9s a harm\u00f3nia tal\u00e1lkoz\u00e1s\u00e1t keresem \u2013 \u00e9s teremtem meg. Egyedi \u00e9s exkluz\u00edv festm\u00e9nyeimmel c\u00e9lom, hogy \u00e9letet \u00e9s pozit\u00edv energi\u00e1t vigyek az otthonok falaira. Legyen sz\u00f3 eleg\u00e1ns lak\u00e1s\u00e9kszerekr\u0151l vagy m\u00e9lyebb jelent\u00e9st hordoz\u00f3, elgondolkodtat\u00f3 m\u0171vekr\u0151l, minden alkot\u00e1somban ott van egy darab bel\u0151lem. [&hellip;]<\/p>","protected":false},"author":1,"featured_media":0,"parent":0,"menu_order":0,"comment_status":"closed","ping_status":"closed","template":"elementor_header_footer","meta":{"_seopress_robots_primary_cat":"","_seopress_titles_title":"","_seopress_titles_desc":"","_seopress_robots_index":"","footnotes":""},"class_list":["post-134","page","type-page","status-publish","hentry"],"_links":{"self":[{"href":"https:\/\/suzyartgallery.com\/en\/wp-json\/wp\/v2\/pages\/134","targetHints":{"allow":["GET"]}}],"collection":[{"href":"https:\/\/suzyartgallery.com\/en\/wp-json\/wp\/v2\/pages"}],"about":[{"href":"https:\/\/suzyartgallery.com\/en\/wp-json\/wp\/v2\/types\/page"}],"author":[{"embeddable":true,"href":"https:\/\/suzyartgallery.com\/en\/wp-json\/wp\/v2\/users\/1"}],"replies":[{"embeddable":true,"href":"https:\/\/suzyartgallery.com\/en\/wp-json\/wp\/v2\/comments?post=134"}],"version-history":[{"count":66,"href":"https:\/\/suzyartgallery.com\/en\/wp-json\/wp\/v2\/pages\/134\/revisions"}],"predecessor-version":[{"id":2997,"href":"https:\/\/suzyartgallery.com\/en\/wp-json\/wp\/v2\/pages\/134\/revisions\/2997"}],"wp:attachment":[{"href":"https:\/\/suzyartgallery.com\/en\/wp-json\/wp\/v2\/media?parent=134"}],"curies":[{"name":"wp","href":"https:\/\/api.w.org\/{rel}","templated":true}]}}